{"id":4020,"date":"2025-11-06T06:42:08","date_gmt":"2025-11-06T11:42:08","guid":{"rendered":"https:\/\/wowdentaldesigns.com\/?page_id=4020"},"modified":"2026-01-27T13:47:08","modified_gmt":"2026-01-27T18:47:08","slug":"our-results","status":"publish","type":"page","link":"https:\/\/wowdentaldesigns.com\/es\/our-results\/","title":{"rendered":"Our Results"},"content":{"rendered":"<div data-elementor-type=\"wp-page\" data-elementor-id=\"4020\" class=\"elementor elementor-4020\" data-elementor-post-type=\"page\">\n\t\t\t\t<section class=\"elementor-element elementor-element-0d819d9 e-flex e-con-boxed e-con e-parent\" data-id=\"0d819d9\" data-element_type=\"container\">\n\t\t\t\t\t<div class=\"e-con-inner\">\n\t\t<div class=\"elementor-element elementor-element-8fbf2bb e-con-full e-flex e-con e-child\" data-id=\"8fbf2bb\" data-element_type=\"container\">\n\t\t\t\t<div class=\"elementor-element elementor-element-ecfff06 elementor-widget__width-auto e-transform elementor-view-default elementor-widget elementor-widget-icon\" data-id=\"ecfff06\" data-element_type=\"widget\" data-settings=\"{&quot;_transform_translateX_effect&quot;:{&quot;unit&quot;:&quot;px&quot;,&quot;size&quot;:370,&quot;sizes&quot;:[]},&quot;_transform_translateX_effect_mobile&quot;:{&quot;unit&quot;:&quot;px&quot;,&quot;size&quot;:0,&quot;sizes&quot;:[]},&quot;_transform_translateX_effect_tablet&quot;:{&quot;unit&quot;:&quot;px&quot;,&quot;size&quot;:&quot;&quot;,&quot;sizes&quot;:[]},&quot;_transform_translateY_effect&quot;:{&quot;unit&quot;:&quot;px&quot;,&quot;size&quot;:&quot;&quot;,&quot;sizes&quot;:[]},&quot;_transform_translateY_effect_tablet&quot;:{&quot;unit&quot;:&quot;px&quot;,&quot;size&quot;:&quot;&quot;,&quot;sizes&quot;:[]},&quot;_transform_translateY_effect_mobile&quot;:{&quot;unit&quot;:&quot;px&quot;,&quot;size&quot;:&quot;&quot;,&quot;sizes&quot;:[]}}\" data-widget_type=\"icon.default\">\n\t\t\t\t\t\t\t<div class=\"elementor-icon-wrapper\">\n\t\t\t<div class=\"elementor-icon\">\n\t\t\t<svg aria-hidden=\"true\" class=\"e-font-icon-svg e-fas-square-full\" viewbox=\"0 0 512 512\" xmlns=\"http:\/\/www.w3.org\/2000\/svg\"><path d=\"M512 512H0V0h512v512z\"><\/path><\/svg>\t\t\t<\/div>\n\t\t<\/div>\n\t\t\t\t\t\t<\/div>\n\t\t\t\t<div class=\"elementor-element elementor-element-64622bc elementor-widget-mobile__width-inherit elementor-widget-tablet__width-inherit elementor-widget elementor-widget-heading\" data-id=\"64622bc\" data-element_type=\"widget\" data-widget_type=\"heading.default\">\n\t\t\t\t\t<h2 class=\"elementor-heading-title elementor-size-default\">nuestros resultados<\/h2>\t\t\t\t<\/div>\n\t\t\t\t<div class=\"elementor-element elementor-element-7673d53 elementor-widget-divider--view-line elementor-widget elementor-widget-divider\" data-id=\"7673d53\" data-element_type=\"widget\" data-widget_type=\"divider.default\">\n\t\t\t\t\t\t\t<div class=\"elementor-divider\">\n\t\t\t<span class=\"elementor-divider-separator\">\n\t\t\t\t\t\t<\/span>\n\t\t<\/div>\n\t\t\t\t\t\t<\/div>\n\t\t\t\t<\/div>\n\t\t<div class=\"elementor-element elementor-element-d7d4c98 e-con-full e-flex e-con e-child\" data-id=\"d7d4c98\" data-element_type=\"container\">\n\t\t\t\t<div class=\"elementor-element elementor-element-dfb7249 elementor-widget elementor-widget-text-editor\" data-id=\"dfb7249\" data-element_type=\"widget\" data-widget_type=\"text-editor.default\">\n\t\t\t\t\t\t\t\t\t<p>Cada sonrisa en esta galer\u00eda refleja nuestro compromiso con la precisi\u00f3n, el arte y la belleza natural. En WOW Dental Designs, la odontolog\u00eda cosm\u00e9tica no se trata solo de mejorar los dientes, sino de fomentar la confianza, la armon\u00eda y la autoexpresi\u00f3n. Cada transformaci\u00f3n est\u00e1 cuidadosamente dise\u00f1ada para complementar los rasgos faciales, equilibrar las proporciones y crear una sonrisa que te refleje aut\u00e9nticamente.<\/p>\t\t\t\t\t\t\t\t<\/div>\n\t\t\t\t<\/div>\n\t\t\t\t\t<\/div>\n\t\t\t\t<\/section>\n\t\t<section class=\"elementor-element elementor-element-438413b e-flex e-con-boxed e-con e-parent\" data-id=\"438413b\" data-element_type=\"container\">\n\t\t\t\t\t<div class=\"e-con-inner\">\n\t\t\t\t<div class=\"elementor-element elementor-element-ead4365 elementor-widget elementor-widget-heading\" data-id=\"ead4365\" data-element_type=\"widget\" data-widget_type=\"heading.default\">\n\t\t\t\t\t<h2 class=\"elementor-heading-title elementor-size-default\">Carillas de Resina Compuesta<\/h2>\t\t\t\t<\/div>\n\t\t\t\t<div class=\"elementor-element elementor-element-f9a49be elementor-arrows-position-outside elementor-pagination-position-outside elementor-widget elementor-widget-image-carousel\" data-id=\"f9a49be\" data-element_type=\"widget\" data-settings=\"{&quot;image_spacing_custom&quot;:{&quot;unit&quot;:&quot;px&quot;,&quot;size&quot;:30,&quot;sizes&quot;:[]},&quot;slides_to_show_tablet&quot;:&quot;1&quot;,&quot;navigation&quot;:&quot;both&quot;,&quot;autoplay&quot;:&quot;yes&quot;,&quot;pause_on_hover&quot;:&quot;yes&quot;,&quot;pause_on_interaction&quot;:&quot;yes&quot;,&quot;autoplay_speed&quot;:5000,&quot;infinite&quot;:&quot;yes&quot;,&quot;speed&quot;:500}\" data-widget_type=\"image-carousel.default\">\n\t\t\t\t\t\t\t<div class=\"elementor-image-carousel-wrapper swiper\" role=\"region\" aria-roledescription=\"carousel\" aria-label=\"composite resin\" dir=\"ltr\">\n\t\t\t<div class=\"elementor-image-carousel swiper-wrapper\" aria-live=\"off\">\n\t\t\t\t\t\t\t\t<div class=\"swiper-slide\" role=\"group\" aria-roledescription=\"slide\" aria-label=\"1 de 6\"><a data-elementor-open-lightbox=\"yes\" data-elementor-lightbox-slideshow=\"f9a49be\" data-elementor-lightbox-title=\"wow-composite-resin (1)\" data-e-action-hash=\"#elementor-action%3Aaction%3Dlightbox%26settings%3DeyJpZCI6NDA0NywidXJsIjoiaHR0cHM6XC9cL3dvd2RlbnRhbGRlc2lnbnMuY29tXC93cC1jb250ZW50XC91cGxvYWRzXC8yMDI1XC8xMVwvd293LWNvbXBvc2l0ZS1yZXNpbi0xLmpwZyIsInNsaWRlc2hvdyI6ImY5YTQ5YmUifQ%3D%3D\" href=\"https:\/\/wowdentaldesigns.com\/wp-content\/uploads\/2025\/11\/wow-composite-resin-1.jpg\"><figure class=\"swiper-slide-inner\"><img decoding=\"async\" class=\"swiper-slide-image\" src=\"https:\/\/wowdentaldesigns.com\/wp-content\/uploads\/2025\/11\/wow-composite-resin-1-768x960.jpg\" alt=\"wow-composite-resin (1)\" \/><\/figure><\/a><\/div><div class=\"swiper-slide\" role=\"group\" aria-roledescription=\"slide\" aria-label=\"2 de 6\"><a data-elementor-open-lightbox=\"yes\" data-elementor-lightbox-slideshow=\"f9a49be\" data-elementor-lightbox-title=\"wow-composite-resin (2)\" data-e-action-hash=\"#elementor-action%3Aaction%3Dlightbox%26settings%3DeyJpZCI6NDA0OCwidXJsIjoiaHR0cHM6XC9cL3dvd2RlbnRhbGRlc2lnbnMuY29tXC93cC1jb250ZW50XC91cGxvYWRzXC8yMDI1XC8xMVwvd293LWNvbXBvc2l0ZS1yZXNpbi0yLmpwZyIsInNsaWRlc2hvdyI6ImY5YTQ5YmUifQ%3D%3D\" href=\"https:\/\/wowdentaldesigns.com\/wp-content\/uploads\/2025\/11\/wow-composite-resin-2.jpg\"><figure class=\"swiper-slide-inner\"><img decoding=\"async\" class=\"swiper-slide-image\" src=\"https:\/\/wowdentaldesigns.com\/wp-content\/uploads\/2025\/11\/wow-composite-resin-2-768x960.jpg\" alt=\"wow-composite-resin (2)\" \/><\/figure><\/a><\/div><div class=\"swiper-slide\" role=\"group\" aria-roledescription=\"slide\" aria-label=\"3 de 6\"><a data-elementor-open-lightbox=\"yes\" data-elementor-lightbox-slideshow=\"f9a49be\" data-elementor-lightbox-title=\"wow-composite-resin (3)\" data-e-action-hash=\"#elementor-action%3Aaction%3Dlightbox%26settings%3DeyJpZCI6NDA0OSwidXJsIjoiaHR0cHM6XC9cL3dvd2RlbnRhbGRlc2lnbnMuY29tXC93cC1jb250ZW50XC91cGxvYWRzXC8yMDI1XC8xMVwvd293LWNvbXBvc2l0ZS1yZXNpbi0zLmpwZyIsInNsaWRlc2hvdyI6ImY5YTQ5YmUifQ%3D%3D\" href=\"https:\/\/wowdentaldesigns.com\/wp-content\/uploads\/2025\/11\/wow-composite-resin-3.jpg\"><figure class=\"swiper-slide-inner\"><img decoding=\"async\" class=\"swiper-slide-image\" src=\"https:\/\/wowdentaldesigns.com\/wp-content\/uploads\/2025\/11\/wow-composite-resin-3-768x960.jpg\" alt=\"wow-composite-resin (3)\" \/><\/figure><\/a><\/div><div class=\"swiper-slide\" role=\"group\" aria-roledescription=\"slide\" aria-label=\"4 de 6\"><a data-elementor-open-lightbox=\"yes\" data-elementor-lightbox-slideshow=\"f9a49be\" data-elementor-lightbox-title=\"wow-composite-resin (4)\" data-e-action-hash=\"#elementor-action%3Aaction%3Dlightbox%26settings%3DeyJpZCI6NDA1MCwidXJsIjoiaHR0cHM6XC9cL3dvd2RlbnRhbGRlc2lnbnMuY29tXC93cC1jb250ZW50XC91cGxvYWRzXC8yMDI1XC8xMVwvd293LWNvbXBvc2l0ZS1yZXNpbi00LmpwZyIsInNsaWRlc2hvdyI6ImY5YTQ5YmUifQ%3D%3D\" href=\"https:\/\/wowdentaldesigns.com\/wp-content\/uploads\/2025\/11\/wow-composite-resin-4.jpg\"><figure class=\"swiper-slide-inner\"><img decoding=\"async\" class=\"swiper-slide-image\" src=\"https:\/\/wowdentaldesigns.com\/wp-content\/uploads\/2025\/11\/wow-composite-resin-4-768x960.jpg\" alt=\"wow-composite-resin (4)\" \/><\/figure><\/a><\/div><div class=\"swiper-slide\" role=\"group\" aria-roledescription=\"slide\" aria-label=\"5 de 6\"><a data-elementor-open-lightbox=\"yes\" data-elementor-lightbox-slideshow=\"f9a49be\" data-elementor-lightbox-title=\"wow-composite-resin (5)\" data-e-action-hash=\"#elementor-action%3Aaction%3Dlightbox%26settings%3DeyJpZCI6NDA1MSwidXJsIjoiaHR0cHM6XC9cL3dvd2RlbnRhbGRlc2lnbnMuY29tXC93cC1jb250ZW50XC91cGxvYWRzXC8yMDI1XC8xMVwvd293LWNvbXBvc2l0ZS1yZXNpbi01LmpwZyIsInNsaWRlc2hvdyI6ImY5YTQ5YmUifQ%3D%3D\" href=\"https:\/\/wowdentaldesigns.com\/wp-content\/uploads\/2025\/11\/wow-composite-resin-5.jpg\"><figure class=\"swiper-slide-inner\"><img decoding=\"async\" class=\"swiper-slide-image\" src=\"https:\/\/wowdentaldesigns.com\/wp-content\/uploads\/2025\/11\/wow-composite-resin-5-768x960.jpg\" alt=\"wow-composite-resin (5)\" \/><\/figure><\/a><\/div><div class=\"swiper-slide\" role=\"group\" aria-roledescription=\"slide\" aria-label=\"6 de 6\"><a data-elementor-open-lightbox=\"yes\" data-elementor-lightbox-slideshow=\"f9a49be\" data-elementor-lightbox-title=\"wow-composite-resin (6)\" data-e-action-hash=\"#elementor-action%3Aaction%3Dlightbox%26settings%3DeyJpZCI6NDA1MiwidXJsIjoiaHR0cHM6XC9cL3dvd2RlbnRhbGRlc2lnbnMuY29tXC93cC1jb250ZW50XC91cGxvYWRzXC8yMDI1XC8xMVwvd293LWNvbXBvc2l0ZS1yZXNpbi02LmpwZyIsInNsaWRlc2hvdyI6ImY5YTQ5YmUifQ%3D%3D\" href=\"https:\/\/wowdentaldesigns.com\/wp-content\/uploads\/2025\/11\/wow-composite-resin-6.jpg\"><figure class=\"swiper-slide-inner\"><img decoding=\"async\" class=\"swiper-slide-image\" src=\"https:\/\/wowdentaldesigns.com\/wp-content\/uploads\/2025\/11\/wow-composite-resin-6-768x960.jpg\" alt=\"wow-composite-resin (6)\" \/><\/figure><\/a><\/div>\t\t\t<\/div>\n\t\t\t\t\t\t\t\t\t\t\t\t<div class=\"elementor-swiper-button elementor-swiper-button-prev\" role=\"button\" tabindex=\"0\">\n\t\t\t\t\t\t<svg aria-hidden=\"true\" class=\"e-font-icon-svg e-eicon-chevron-left\" viewbox=\"0 0 1000 1000\" xmlns=\"http:\/\/www.w3.org\/2000\/svg\"><path d=\"M646 125C629 125 613 133 604 142L308 442C296 454 292 471 292 487 292 504 296 521 308 533L604 854C617 867 629 875 646 875 663 875 679 871 692 858 704 846 713 829 713 812 713 796 708 779 692 767L438 487 692 225C700 217 708 204 708 187 708 171 704 154 692 142 675 129 663 125 646 125Z\"><\/path><\/svg>\t\t\t\t\t<\/div>\n\t\t\t\t\t<div class=\"elementor-swiper-button elementor-swiper-button-next\" role=\"button\" tabindex=\"0\">\n\t\t\t\t\t\t<svg aria-hidden=\"true\" class=\"e-font-icon-svg e-eicon-chevron-right\" viewbox=\"0 0 1000 1000\" xmlns=\"http:\/\/www.w3.org\/2000\/svg\"><path d=\"M696 533C708 521 713 504 713 487 713 471 708 454 696 446L400 146C388 133 375 125 354 125 338 125 325 129 313 142 300 154 292 171 292 187 292 204 296 221 308 233L563 492 304 771C292 783 288 800 288 817 288 833 296 850 308 863 321 871 338 875 354 875 371 875 388 867 400 854L696 533Z\"><\/path><\/svg>\t\t\t\t\t<\/div>\n\t\t\t\t\n\t\t\t\t\t\t\t\t\t<div class=\"swiper-pagination\"><\/div>\n\t\t\t\t\t\t\t\t\t<\/div>\n\t\t\t\t\t\t<\/div>\n\t\t\t\t\t<\/div>\n\t\t\t\t<\/section>\n\t\t<section class=\"elementor-element elementor-element-ed1b5d2 e-flex e-con-boxed e-con e-parent\" data-id=\"ed1b5d2\" data-element_type=\"container\">\n\t\t\t\t\t<div class=\"e-con-inner\">\n\t\t\t\t<div class=\"elementor-element elementor-element-86b689b elementor-widget elementor-widget-heading\" data-id=\"86b689b\" data-element_type=\"widget\" data-widget_type=\"heading.default\">\n\t\t\t\t\t<h2 class=\"elementor-heading-title elementor-size-default\">Carillas de Porcelana<\/h2>\t\t\t\t<\/div>\n\t\t\t\t<div class=\"elementor-element elementor-element-5f3b23c elementor-arrows-position-outside elementor-pagination-position-outside elementor-widget elementor-widget-image-carousel\" data-id=\"5f3b23c\" data-element_type=\"widget\" data-settings=\"{&quot;image_spacing_custom&quot;:{&quot;unit&quot;:&quot;px&quot;,&quot;size&quot;:30,&quot;sizes&quot;:[]},&quot;slides_to_show_tablet&quot;:&quot;1&quot;,&quot;navigation&quot;:&quot;both&quot;,&quot;autoplay&quot;:&quot;yes&quot;,&quot;pause_on_hover&quot;:&quot;yes&quot;,&quot;pause_on_interaction&quot;:&quot;yes&quot;,&quot;autoplay_speed&quot;:5000,&quot;infinite&quot;:&quot;yes&quot;,&quot;speed&quot;:500}\" data-widget_type=\"image-carousel.default\">\n\t\t\t\t\t\t\t<div class=\"elementor-image-carousel-wrapper swiper\" role=\"region\" aria-roledescription=\"carousel\" aria-label=\"composite resin\" dir=\"ltr\">\n\t\t\t<div class=\"elementor-image-carousel swiper-wrapper\" aria-live=\"off\">\n\t\t\t\t\t\t\t\t<div class=\"swiper-slide\" role=\"group\" aria-roledescription=\"slide\" aria-label=\"1 de 6\"><a data-elementor-open-lightbox=\"yes\" data-elementor-lightbox-slideshow=\"5f3b23c\" data-elementor-lightbox-title=\"wow-composite-resin (1)\" data-e-action-hash=\"#elementor-action%3Aaction%3Dlightbox%26settings%3DeyJpZCI6NDA0NywidXJsIjoiaHR0cHM6XC9cL3dvd2RlbnRhbGRlc2lnbnMuY29tXC93cC1jb250ZW50XC91cGxvYWRzXC8yMDI1XC8xMVwvd293LWNvbXBvc2l0ZS1yZXNpbi0xLmpwZyIsInNsaWRlc2hvdyI6IjVmM2IyM2MifQ%3D%3D\" href=\"https:\/\/wowdentaldesigns.com\/wp-content\/uploads\/2025\/11\/wow-composite-resin-1.jpg\"><figure class=\"swiper-slide-inner\"><img decoding=\"async\" class=\"swiper-slide-image\" src=\"https:\/\/wowdentaldesigns.com\/wp-content\/uploads\/2025\/11\/wow-composite-resin-1-768x960.jpg\" alt=\"wow-composite-resin (1)\" \/><\/figure><\/a><\/div><div class=\"swiper-slide\" role=\"group\" aria-roledescription=\"slide\" aria-label=\"2 de 6\"><a data-elementor-open-lightbox=\"yes\" data-elementor-lightbox-slideshow=\"5f3b23c\" data-elementor-lightbox-title=\"wow-composite-resin (2)\" data-e-action-hash=\"#elementor-action%3Aaction%3Dlightbox%26settings%3DeyJpZCI6NDA0OCwidXJsIjoiaHR0cHM6XC9cL3dvd2RlbnRhbGRlc2lnbnMuY29tXC93cC1jb250ZW50XC91cGxvYWRzXC8yMDI1XC8xMVwvd293LWNvbXBvc2l0ZS1yZXNpbi0yLmpwZyIsInNsaWRlc2hvdyI6IjVmM2IyM2MifQ%3D%3D\" href=\"https:\/\/wowdentaldesigns.com\/wp-content\/uploads\/2025\/11\/wow-composite-resin-2.jpg\"><figure class=\"swiper-slide-inner\"><img decoding=\"async\" class=\"swiper-slide-image\" src=\"https:\/\/wowdentaldesigns.com\/wp-content\/uploads\/2025\/11\/wow-composite-resin-2-768x960.jpg\" alt=\"wow-composite-resin (2)\" \/><\/figure><\/a><\/div><div class=\"swiper-slide\" role=\"group\" aria-roledescription=\"slide\" aria-label=\"3 de 6\"><a data-elementor-open-lightbox=\"yes\" data-elementor-lightbox-slideshow=\"5f3b23c\" data-elementor-lightbox-title=\"wow-composite-resin (3)\" data-e-action-hash=\"#elementor-action%3Aaction%3Dlightbox%26settings%3DeyJpZCI6NDA0OSwidXJsIjoiaHR0cHM6XC9cL3dvd2RlbnRhbGRlc2lnbnMuY29tXC93cC1jb250ZW50XC91cGxvYWRzXC8yMDI1XC8xMVwvd293LWNvbXBvc2l0ZS1yZXNpbi0zLmpwZyIsInNsaWRlc2hvdyI6IjVmM2IyM2MifQ%3D%3D\" href=\"https:\/\/wowdentaldesigns.com\/wp-content\/uploads\/2025\/11\/wow-composite-resin-3.jpg\"><figure class=\"swiper-slide-inner\"><img decoding=\"async\" class=\"swiper-slide-image\" src=\"https:\/\/wowdentaldesigns.com\/wp-content\/uploads\/2025\/11\/wow-composite-resin-3-768x960.jpg\" alt=\"wow-composite-resin (3)\" \/><\/figure><\/a><\/div><div class=\"swiper-slide\" role=\"group\" aria-roledescription=\"slide\" aria-label=\"4 de 6\"><a data-elementor-open-lightbox=\"yes\" data-elementor-lightbox-slideshow=\"5f3b23c\" data-elementor-lightbox-title=\"wow-composite-resin (4)\" data-e-action-hash=\"#elementor-action%3Aaction%3Dlightbox%26settings%3DeyJpZCI6NDA1MCwidXJsIjoiaHR0cHM6XC9cL3dvd2RlbnRhbGRlc2lnbnMuY29tXC93cC1jb250ZW50XC91cGxvYWRzXC8yMDI1XC8xMVwvd293LWNvbXBvc2l0ZS1yZXNpbi00LmpwZyIsInNsaWRlc2hvdyI6IjVmM2IyM2MifQ%3D%3D\" href=\"https:\/\/wowdentaldesigns.com\/wp-content\/uploads\/2025\/11\/wow-composite-resin-4.jpg\"><figure class=\"swiper-slide-inner\"><img decoding=\"async\" class=\"swiper-slide-image\" src=\"https:\/\/wowdentaldesigns.com\/wp-content\/uploads\/2025\/11\/wow-composite-resin-4-768x960.jpg\" alt=\"wow-composite-resin (4)\" \/><\/figure><\/a><\/div><div class=\"swiper-slide\" role=\"group\" aria-roledescription=\"slide\" aria-label=\"5 de 6\"><a data-elementor-open-lightbox=\"yes\" data-elementor-lightbox-slideshow=\"5f3b23c\" data-elementor-lightbox-title=\"wow-composite-resin (5)\" data-e-action-hash=\"#elementor-action%3Aaction%3Dlightbox%26settings%3DeyJpZCI6NDA1MSwidXJsIjoiaHR0cHM6XC9cL3dvd2RlbnRhbGRlc2lnbnMuY29tXC93cC1jb250ZW50XC91cGxvYWRzXC8yMDI1XC8xMVwvd293LWNvbXBvc2l0ZS1yZXNpbi01LmpwZyIsInNsaWRlc2hvdyI6IjVmM2IyM2MifQ%3D%3D\" href=\"https:\/\/wowdentaldesigns.com\/wp-content\/uploads\/2025\/11\/wow-composite-resin-5.jpg\"><figure class=\"swiper-slide-inner\"><img decoding=\"async\" class=\"swiper-slide-image\" src=\"https:\/\/wowdentaldesigns.com\/wp-content\/uploads\/2025\/11\/wow-composite-resin-5-768x960.jpg\" alt=\"wow-composite-resin (5)\" \/><\/figure><\/a><\/div><div class=\"swiper-slide\" role=\"group\" aria-roledescription=\"slide\" aria-label=\"6 de 6\"><a data-elementor-open-lightbox=\"yes\" data-elementor-lightbox-slideshow=\"5f3b23c\" data-elementor-lightbox-title=\"wow-composite-resin (6)\" data-e-action-hash=\"#elementor-action%3Aaction%3Dlightbox%26settings%3DeyJpZCI6NDA1MiwidXJsIjoiaHR0cHM6XC9cL3dvd2RlbnRhbGRlc2lnbnMuY29tXC93cC1jb250ZW50XC91cGxvYWRzXC8yMDI1XC8xMVwvd293LWNvbXBvc2l0ZS1yZXNpbi02LmpwZyIsInNsaWRlc2hvdyI6IjVmM2IyM2MifQ%3D%3D\" href=\"https:\/\/wowdentaldesigns.com\/wp-content\/uploads\/2025\/11\/wow-composite-resin-6.jpg\"><figure class=\"swiper-slide-inner\"><img decoding=\"async\" class=\"swiper-slide-image\" src=\"https:\/\/wowdentaldesigns.com\/wp-content\/uploads\/2025\/11\/wow-composite-resin-6-768x960.jpg\" alt=\"wow-composite-resin (6)\" \/><\/figure><\/a><\/div>\t\t\t<\/div>\n\t\t\t\t\t\t\t\t\t\t\t\t<div class=\"elementor-swiper-button elementor-swiper-button-prev\" role=\"button\" tabindex=\"0\">\n\t\t\t\t\t\t<svg aria-hidden=\"true\" class=\"e-font-icon-svg e-eicon-chevron-left\" viewbox=\"0 0 1000 1000\" xmlns=\"http:\/\/www.w3.org\/2000\/svg\"><path d=\"M646 125C629 125 613 133 604 142L308 442C296 454 292 471 292 487 292 504 296 521 308 533L604 854C617 867 629 875 646 875 663 875 679 871 692 858 704 846 713 829 713 812 713 796 708 779 692 767L438 487 692 225C700 217 708 204 708 187 708 171 704 154 692 142 675 129 663 125 646 125Z\"><\/path><\/svg>\t\t\t\t\t<\/div>\n\t\t\t\t\t<div class=\"elementor-swiper-button elementor-swiper-button-next\" role=\"button\" tabindex=\"0\">\n\t\t\t\t\t\t<svg aria-hidden=\"true\" class=\"e-font-icon-svg e-eicon-chevron-right\" viewbox=\"0 0 1000 1000\" xmlns=\"http:\/\/www.w3.org\/2000\/svg\"><path d=\"M696 533C708 521 713 504 713 487 713 471 708 454 696 446L400 146C388 133 375 125 354 125 338 125 325 129 313 142 300 154 292 171 292 187 292 204 296 221 308 233L563 492 304 771C292 783 288 800 288 817 288 833 296 850 308 863 321 871 338 875 354 875 371 875 388 867 400 854L696 533Z\"><\/path><\/svg>\t\t\t\t\t<\/div>\n\t\t\t\t\n\t\t\t\t\t\t\t\t\t<div class=\"swiper-pagination\"><\/div>\n\t\t\t\t\t\t\t\t\t<\/div>\n\t\t\t\t\t\t<\/div>\n\t\t\t\t<div class=\"elementor-element elementor-element-8dc2aca elementor-widget elementor-widget-text-editor\" data-id=\"8dc2aca\" data-element_type=\"widget\" data-widget_type=\"text-editor.default\">\n\t\t\t\t\t\t\t\t\t<p>Cada sonrisa comienza comprendiendo tus objetivos, tu personalidad y c\u00f3mo quieres sentirte al sonre\u00edr. Nuestro enfoque en odontolog\u00eda cosm\u00e9tica combina tecnolog\u00eda avanzada con visi\u00f3n art\u00edstica para crear resultados naturales, brillantes y uniformes. Ya sea mejorando un solo diente o dise\u00f1ando una transformaci\u00f3n completa de la sonrisa, nos centramos en detalles como la forma, el color, la simetr\u00eda y c\u00f3mo tu sonrisa complementa tus rasgos faciales. El resultado nunca es solo una \"nueva sonrisa\", sino una versi\u00f3n mejorada y segura de ti mismo.<\/p>\t\t\t\t\t\t\t\t<\/div>\n\t\t\t\t\t<\/div>\n\t\t\t\t<\/section>\n\t\t<div class=\"elementor-element elementor-element-7e48056 e-flex e-con-boxed e-con e-parent\" data-id=\"7e48056\" data-element_type=\"container\">\n\t\t\t\t\t<div class=\"e-con-inner\">\n\t\t\t\t<div class=\"elementor-element elementor-element-2a88d11 elementor-widget elementor-widget-heading\" data-id=\"2a88d11\" data-element_type=\"widget\" data-widget_type=\"heading.default\">\n\t\t\t\t\t<h2 class=\"elementor-heading-title elementor-size-default\">Desde nuestro Instagram<\/h2>\t\t\t\t<\/div>\n\t\t\t\t<div class=\"elementor-element elementor-element-0b78a01 inavii-pagination-no inavii-arrow-vertical-middle inavii-pagination-horizontal-center elementor-widget elementor-widget-inavii-grid\" data-id=\"0b78a01\" data-element_type=\"widget\" data-widget_type=\"inavii-grid.default\">\n\t\t\t\t<div class=\"elementor-widget-container\">\n\t\t\t\t\t\n    <div class=\"inavii-ajax inavii-skeleton-container  inavii-grid inavii-grid__type-grid\"\n         data-items-mobile=\"6\" data-settings=\"&#x7B;&quot;feed_offset&quot;&#x3A;0,&quot;feed_id&quot;&#x3A;4170,&quot;posts_count&quot;&#x3A;9,&quot;posts_count_available&quot;&#x3A;9,&quot;items&quot;&#x3A;&#x5B;&#x5D;,&quot;items_desktop&quot;&#x3A;9,&quot;items_mobile&quot;&#x3A;6,&quot;is_mobile&quot;&#x3A;false,&quot;img_animation_class&quot;&#x3A;&quot;&quot;,&quot;follow_button_url&quot;&#x3A;&quot;https&#x3A;&#x5C;&#x2F;&#x5C;&#x2F;www.instagram.com&#x5C;&#x2F;wowdentaldesign&quot;,&quot;enable_photo_linking&quot;&#x3A;&quot;linking_post&quot;,&quot;target&quot;&#x3A;&quot;_blank&quot;,&quot;layoutView&quot;&#x3A;&quot;none&quot;,&quot;imageSize&quot;&#x3A;&quot;large&quot;,&quot;enable_avatar_lightbox&quot;&#x3A;false,&quot;avatar_url&quot;&#x3A;&quot;https&#x3A;&#x5C;&#x2F;&#x5C;&#x2F;wowdentaldesigns.com&#x5C;&#x2F;wp-content&#x5C;&#x2F;uploads&#x5C;&#x2F;inavii-social-feed&#x5C;&#x2F;25457679323824926-s.jpg&quot;,&quot;username&quot;&#x3A;&quot;wowdentaldesign&quot;,&quot;username_lightbox&quot;&#x3A;&quot;wowdentaldesign&quot;,&quot;username_lightbox_switch&quot;&#x3A;false,&quot;widget_id&quot;&#x3A;&quot;0b78a01&quot;,&quot;layout_type&quot;&#x3A;&quot;grid&quot;,&quot;enable_popup_follow_button&quot;&#x3A;false,&quot;enable_popup_icon_follow_button&quot;&#x3A;false,&quot;follow_popup_button_icon&quot;&#x3A;&#x7B;&quot;icon_class&quot;&#x3A;&quot;&quot;&#x7D;,&quot;follow_popup_button_text&quot;&#x3A;false,&quot;enable_lightbox_follow_button&quot;&#x3A;false,&quot;enable_lightbox_icon_follow_button&quot;&#x3A;false,&quot;follow_lightbox_button_icon&quot;&#x3A;&#x7B;&quot;icon_class&quot;&#x3A;&quot;&lt;svg&#x20;aria-hidden&#x3D;&#x5C;&quot;true&#x5C;&quot;&#x20;class&#x3D;&#x5C;&quot;e-font-icon-svg&#x20;e-fab-instagram&#x5C;&quot;&#x20;viewBox&#x3D;&#x5C;&quot;0&#x20;0&#x20;448&#x20;512&#x5C;&quot;&#x20;xmlns&#x3D;&#x5C;&quot;http&#x3A;&#x5C;&#x2F;&#x5C;&#x2F;www.w3.org&#x5C;&#x2F;2000&#x5C;&#x2F;svg&#x5C;&quot;&gt;&lt;path&#x20;d&#x3D;&#x5C;&quot;M224.1&#x20;141c-63.6&#x20;0-114.9&#x20;51.3-114.9&#x20;114.9s51.3&#x20;114.9&#x20;114.9&#x20;114.9S339&#x20;319.5&#x20;339&#x20;255.9&#x20;287.7&#x20;141&#x20;224.1&#x20;141zm0&#x20;189.6c-41.1&#x20;0-74.7-33.5-74.7-74.7s33.5-74.7&#x20;74.7-74.7&#x20;74.7&#x20;33.5&#x20;74.7&#x20;74.7-33.6&#x20;74.7-74.7&#x20;74.7zm146.4-194.3c0&#x20;14.9-12&#x20;26.8-26.8&#x20;26.8-14.9&#x20;0-26.8-12-26.8-26.8s12-26.8&#x20;26.8-26.8&#x20;26.8&#x20;12&#x20;26.8&#x20;26.8zm76.1&#x20;27.2c-1.7-35.9-9.9-67.7-36.2-93.9-26.2-26.2-58-34.4-93.9-36.2-37-2.1-147.9-2.1-184.9&#x20;0-35.8&#x20;1.7-67.6&#x20;9.9-93.9&#x20;36.1s-34.4&#x20;58-36.2&#x20;93.9c-2.1&#x20;37-2.1&#x20;147.9&#x20;0&#x20;184.9&#x20;1.7&#x20;35.9&#x20;9.9&#x20;67.7&#x20;36.2&#x20;93.9s58&#x20;34.4&#x20;93.9&#x20;36.2c37&#x20;2.1&#x20;147.9&#x20;2.1&#x20;184.9&#x20;0&#x20;35.9-1.7&#x20;67.7-9.9&#x20;93.9-36.2&#x20;26.2-26.2&#x20;34.4-58&#x20;36.2-93.9&#x20;2.1-37&#x20;2.1-147.8&#x20;0-184.8zM398.8&#x20;388c-7.8&#x20;19.6-22.9&#x20;34.7-42.6&#x20;42.6-29.5&#x20;11.7-99.5&#x20;9-132.1&#x20;9s-102.7&#x20;2.6-132.1-9c-19.6-7.8-34.7-22.9-42.6-42.6-11.7-29.5-9-99.5-9-132.1s-2.6-102.7&#x20;9-132.1c7.8-19.6&#x20;22.9-34.7&#x20;42.6-42.6&#x20;29.5-11.7&#x20;99.5-9&#x20;132.1-9s102.7-2.6&#x20;132.1&#x20;9c19.6&#x20;7.8&#x20;34.7&#x20;22.9&#x20;42.6&#x20;42.6&#x20;11.7&#x20;29.5&#x20;9&#x20;99.5&#x20;9&#x20;132.1s2.7&#x20;102.7-9&#x20;132.1z&#x5C;&quot;&gt;&lt;&#x5C;&#x2F;path&gt;&lt;&#x5C;&#x2F;svg&gt;&quot;&#x7D;,&quot;follow_lightbox_button_text&quot;&#x3A;&quot;View&#x20;on&#x20;Instagram&quot;,&quot;is_promotion&quot;&#x3A;false,&quot;is_pro&quot;&#x3A;false,&quot;video_playback&quot;&#x3A;false,&quot;render_type&quot;&#x3A;&quot;AJAX&quot;&#x7D;\"\n\n                        >\n\n\n                                        <div class=\"inavii-image-skeleton-init\"><\/div>\n    <div class=\"inavii-image-skeleton-init\"><\/div>\n    <div class=\"inavii-image-skeleton-init\"><\/div>\n    <div class=\"inavii-image-skeleton-init\"><\/div>\n    <div class=\"inavii-image-skeleton-init\"><\/div>\n    <div class=\"inavii-image-skeleton-init\"><\/div>\n    <div class=\"inavii-image-skeleton-init\"><\/div>\n    <div class=\"inavii-image-skeleton-init\"><\/div>\n    <div class=\"inavii-image-skeleton-init\"><\/div>\n            \n            \n            \n                    \n        \n    <\/div>\n\n\t\t\t\t<\/div>\n\t\t\t\t<\/div>\n\t\t\t\t\t<\/div>\n\t\t\t\t<\/div>\n\t\t\t\t<\/div>","protected":false},"excerpt":{"rendered":"<p>our results Every smile in this gallery reflects our commitment to precision, artistry, and natural beauty. At WOW Dental Designs, cosmetic dentistry isn\u2019t just about improving teeth, it\u2019s about enhancing confidence, harmony, and self-expression. Each transformation is carefully designed to complement facial features, balance proportions, and create a smile that feels authentically you. composite resin [&hellip;]<\/p>","protected":false},"author":1,"featured_media":0,"parent":0,"menu_order":0,"comment_status":"closed","ping_status":"closed","template":"elementor_header_footer","meta":{"footnotes":""},"class_list":["post-4020","page","type-page","status-publish","hentry"],"aioseo_notices":[],"_links":{"self":[{"href":"https:\/\/wowdentaldesigns.com\/es\/wp-json\/wp\/v2\/pages\/4020","targetHints":{"allow":["GET"]}}],"collection":[{"href":"https:\/\/wowdentaldesigns.com\/es\/wp-json\/wp\/v2\/pages"}],"about":[{"href":"https:\/\/wowdentaldesigns.com\/es\/wp-json\/wp\/v2\/types\/page"}],"author":[{"embeddable":true,"href":"https:\/\/wowdentaldesigns.com\/es\/wp-json\/wp\/v2\/users\/1"}],"replies":[{"embeddable":true,"href":"https:\/\/wowdentaldesigns.com\/es\/wp-json\/wp\/v2\/comments?post=4020"}],"version-history":[{"count":103,"href":"https:\/\/wowdentaldesigns.com\/es\/wp-json\/wp\/v2\/pages\/4020\/revisions"}],"predecessor-version":[{"id":6125,"href":"https:\/\/wowdentaldesigns.com\/es\/wp-json\/wp\/v2\/pages\/4020\/revisions\/6125"}],"wp:attachment":[{"href":"https:\/\/wowdentaldesigns.com\/es\/wp-json\/wp\/v2\/media?parent=4020"}],"curies":[{"name":"wp","href":"https:\/\/api.w.org\/{rel}","templated":true}]}}