{"id":3821,"date":"2025-11-03T09:30:50","date_gmt":"2025-11-03T14:30:50","guid":{"rendered":"https:\/\/wowdentaldesigns.com\/?page_id=3821"},"modified":"2026-02-25T16:19:19","modified_gmt":"2026-02-25T21:19:19","slug":"our-team","status":"publish","type":"page","link":"https:\/\/wowdentaldesigns.com\/es\/our-team\/","title":{"rendered":"Nuestro Equipo"},"content":{"rendered":"<div data-elementor-type=\"wp-page\" data-elementor-id=\"3821\" class=\"elementor elementor-3821\" data-elementor-post-type=\"page\">\n\t\t\t\t<div class=\"elementor-element elementor-element-49a854f e-flex e-con-boxed e-con e-parent\" data-id=\"49a854f\" data-element_type=\"container\" data-settings=\"{&quot;background_background&quot;:&quot;classic&quot;}\">\n\t\t\t\t\t<div class=\"e-con-inner\">\n\t\t\t\t<div class=\"elementor-element elementor-element-263f0a3 elementor-widget-tablet__width-inherit elementor-widget-mobile__width-inherit elementor-widget__width-auto e-transform elementor-widget elementor-widget-heading\" data-id=\"263f0a3\" data-element_type=\"widget\" data-settings=\"{&quot;_transform_translateY_effect&quot;:{&quot;unit&quot;:&quot;px&quot;,&quot;size&quot;:-280,&quot;sizes&quot;:[]},&quot;_transform_translateY_effect_tablet&quot;:{&quot;unit&quot;:&quot;px&quot;,&quot;size&quot;:-127,&quot;sizes&quot;:[]},&quot;_transform_translateY_effect_mobile&quot;:{&quot;unit&quot;:&quot;px&quot;,&quot;size&quot;:-191,&quot;sizes&quot;:[]},&quot;_transform_translateX_effect&quot;:{&quot;unit&quot;:&quot;px&quot;,&quot;size&quot;:&quot;&quot;,&quot;sizes&quot;:[]},&quot;_transform_translateX_effect_tablet&quot;:{&quot;unit&quot;:&quot;px&quot;,&quot;size&quot;:&quot;&quot;,&quot;sizes&quot;:[]},&quot;_transform_translateX_effect_mobile&quot;:{&quot;unit&quot;:&quot;px&quot;,&quot;size&quot;:&quot;&quot;,&quot;sizes&quot;:[]}}\" data-widget_type=\"heading.default\">\n\t\t\t\t\t<h2 class=\"elementor-heading-title elementor-size-default\">NUESTRO EQUIPO Y EXPERIENCIA<\/h2>\t\t\t\t<\/div>\n\t\t\t\t\t<\/div>\n\t\t\t\t<\/div>\n\t\t<div class=\"elementor-element elementor-element-527db0f e-flex e-con-boxed e-con e-parent\" data-id=\"527db0f\" data-element_type=\"container\" data-settings=\"{&quot;background_background&quot;:&quot;classic&quot;}\">\n\t\t\t\t\t<div class=\"e-con-inner\">\n\t\t\t\t<div class=\"elementor-element elementor-element-e80131a e-transform elementor-view-default elementor-widget elementor-widget-icon\" data-id=\"e80131a\" data-element_type=\"widget\" data-settings=\"{&quot;_transform_translateX_effect&quot;:{&quot;unit&quot;:&quot;px&quot;,&quot;size&quot;:500,&quot;sizes&quot;:[]},&quot;_transform_translateY_effect&quot;:{&quot;unit&quot;:&quot;px&quot;,&quot;size&quot;:-2,&quot;sizes&quot;:[]},&quot;_transform_translateX_effect_mobile&quot;:{&quot;unit&quot;:&quot;px&quot;,&quot;size&quot;:130,&quot;sizes&quot;:[]},&quot;_transform_translateY_effect_mobile&quot;:{&quot;unit&quot;:&quot;px&quot;,&quot;size&quot;:-60,&quot;sizes&quot;:[]},&quot;_transform_translateX_effect_tablet&quot;:{&quot;unit&quot;:&quot;px&quot;,&quot;size&quot;:&quot;&quot;,&quot;sizes&quot;:[]},&quot;_transform_translateY_effect_tablet&quot;:{&quot;unit&quot;:&quot;px&quot;,&quot;size&quot;:&quot;&quot;,&quot;sizes&quot;:[]}}\" data-widget_type=\"icon.default\">\n\t\t\t\t\t\t\t<div class=\"elementor-icon-wrapper\">\n\t\t\t<div class=\"elementor-icon\">\n\t\t\t<svg aria-hidden=\"true\" class=\"e-font-icon-svg e-fas-square-full\" viewbox=\"0 0 512 512\" xmlns=\"http:\/\/www.w3.org\/2000\/svg\"><path d=\"M512 512H0V0h512v512z\"><\/path><\/svg>\t\t\t<\/div>\n\t\t<\/div>\n\t\t\t\t\t\t<\/div>\n\t\t\t\t<div class=\"elementor-element elementor-element-cbfef38 elementor-widget elementor-widget-heading\" data-id=\"cbfef38\" data-element_type=\"widget\" data-widget_type=\"heading.default\">\n\t\t\t\t\t<h2 class=\"elementor-heading-title elementor-size-default\">Donde la experiencia, la precisi\u00f3n y la pasi\u00f3n crean sonrisas extraordinarias.<\/h2>\t\t\t\t<\/div>\n\t\t\t\t<div class=\"elementor-element elementor-element-1dfb6f8 elementor-widget elementor-widget-text-editor\" data-id=\"1dfb6f8\" data-element_type=\"widget\" data-widget_type=\"text-editor.default\">\n\t\t\t\t\t\t\t\t\t<p>En WOW Dental Designs, nuestro equipo de m\u00e9dicos altamente capacitados a\u00fana a\u00f1os de formaci\u00f3n avanzada, visi\u00f3n art\u00edstica y una aut\u00e9ntica dedicaci\u00f3n al cuidado del paciente. Cada especialista se compromete a brindar excelencia en cada detalle, desde tratamientos cosm\u00e9ticos y restauradores integrales hasta procedimientos avanzados de implantes y dise\u00f1o de sonrisas.\u00a0<\/p><p>Nuestros doctores combinan las \u00faltimas innovaciones en odontolog\u00eda moderna con un enfoque personalizado, centrado en el paciente. Con experiencia en odontolog\u00eda cosm\u00e9tica, restauradora, implantolog\u00eda y est\u00e9tica, nos enorgullecemos de crear sonrisas que no solo sean hermosas, sino tambi\u00e9n saludables, equilibradas y duraderas.\u00a0<\/p><p>Unidos por una filosof\u00eda: precisi\u00f3n, pasi\u00f3n y perfecci\u00f3n, nuestro equipo trabaja en colaboraci\u00f3n para garantizar que cada paciente experimente el m\u00e1s alto nivel de atenci\u00f3n en un entorno lujoso y confortable.\u00a0<\/p><p>En WOW Dental Designs no solo eres atendido por un dentista sino por un equipo de profesionales que ven tu sonrisa como una verdadera obra de arte.<\/p>\t\t\t\t\t\t\t\t<\/div>\n\t\t\t\t\t<\/div>\n\t\t\t\t<\/div>\n\t\t<div class=\"elementor-element elementor-element-fd8e2f6 e-flex e-con-boxed e-con e-parent\" data-id=\"fd8e2f6\" data-element_type=\"container\">\n\t\t\t\t\t<div class=\"e-con-inner\">\n\t\t\t\t<div class=\"elementor-element elementor-element-99cded5 elementor-widget-divider--view-line elementor-widget elementor-widget-divider\" data-id=\"99cded5\" data-element_type=\"widget\" data-widget_type=\"divider.default\">\n\t\t\t\t\t\t\t<div class=\"elementor-divider\">\n\t\t\t<span class=\"elementor-divider-separator\">\n\t\t\t\t\t\t<\/span>\n\t\t<\/div>\n\t\t\t\t\t\t<\/div>\n\t\t\t\t\t<\/div>\n\t\t\t\t<\/div>\n\t\t<div class=\"elementor-element elementor-element-040fc70 e-flex e-con-boxed e-con e-parent\" data-id=\"040fc70\" data-element_type=\"container\">\n\t\t\t\t\t<div class=\"e-con-inner\">\n\t\t<div class=\"elementor-element elementor-element-c52be10 e-con-full e-flex e-con e-child\" data-id=\"c52be10\" data-element_type=\"container\">\n\t\t\t\t<div class=\"elementor-element elementor-element-ec3dfca elementor-widget elementor-widget-heading\" data-id=\"ec3dfca\" data-element_type=\"widget\" data-widget_type=\"heading.default\">\n\t\t\t\t\t<h2 class=\"elementor-heading-title elementor-size-default\">DR. CARLOS CASTILLO<\/h2>\t\t\t\t<\/div>\n\t\t\t\t<div class=\"elementor-element elementor-element-dfb11a6 elementor-widget elementor-widget-heading\" data-id=\"dfb11a6\" data-element_type=\"widget\" data-widget_type=\"heading.default\">\n\t\t\t\t\t<h2 class=\"elementor-heading-title elementor-size-default\">Odontolog\u00eda general y cirug\u00eda dental<\/h2>\t\t\t\t<\/div>\n\t\t\t\t<div class=\"elementor-element elementor-element-af5f042 elementor-widget-divider--view-line elementor-widget elementor-widget-divider\" data-id=\"af5f042\" data-element_type=\"widget\" data-widget_type=\"divider.default\">\n\t\t\t\t\t\t\t<div class=\"elementor-divider\">\n\t\t\t<span class=\"elementor-divider-separator\">\n\t\t\t\t\t\t<\/span>\n\t\t<\/div>\n\t\t\t\t\t\t<\/div>\n\t\t\t\t<div class=\"elementor-element elementor-element-bd8e20b elementor-widget elementor-widget-text-editor\" data-id=\"bd8e20b\" data-element_type=\"widget\" data-widget_type=\"text-editor.default\">\n\t\t\t\t\t\t\t\t\t<p>El Dr. Carlos Castillo combina una experiencia cl\u00ednica avanzada con un compromiso genuino con el bienestar del paciente, brindando resultados excepcionales tanto en odontolog\u00eda general como en cirug\u00eda dental. Con a\u00f1os de experiencia y una amplia formaci\u00f3n, aborda cada caso con precisi\u00f3n, compasi\u00f3n y un meticuloso cuidado est\u00e9tico.<\/p><p>Se dedica a crear una experiencia c\u00f3moda y positiva para cada paciente, tom\u00e1ndose el tiempo para escuchar, comprender las necesidades individuales y personalizar planes de tratamiento que favorezcan tanto la salud bucal como la confianza. Ya sea que se trate de atenci\u00f3n dental rutinaria o procedimientos quir\u00fargicos complejos, se enfoca en lograr resultados naturales y duraderos que realcen tanto la funci\u00f3n como la belleza.<\/p><p>Conocido por su profesionalismo, enfoque amable y t\u00e9cnicas orientadas a los detalles, el Dr. Castillo se asegura constantemente de que cada paciente reciba atenci\u00f3n personalizada y se sienta apoyado en cada paso de su viaje dental.<\/p>\t\t\t\t\t\t\t\t<\/div>\n\t\t\t\t<\/div>\n\t\t<div class=\"elementor-element elementor-element-ef9f47f e-con-full e-flex e-con e-child\" data-id=\"ef9f47f\" data-element_type=\"container\">\n\t\t\t\t<div class=\"elementor-element elementor-element-ca16759 elementor-widget elementor-widget-image\" data-id=\"ca16759\" data-element_type=\"widget\" data-widget_type=\"image.default\">\n\t\t\t\t\t\t\t\t\t\t\t\t\t\t\t<img loading=\"lazy\" decoding=\"async\" width=\"768\" height=\"1159\" src=\"https:\/\/wowdentaldesigns.com\/wp-content\/uploads\/2025\/11\/dr-carlos-castillo-768x1159.png\" class=\"attachment-medium_large size-medium_large wp-image-4550\" alt=\"Dr Carlos Castillo\" srcset=\"https:\/\/wowdentaldesigns.com\/wp-content\/uploads\/2025\/11\/dr-carlos-castillo-768x1159.png 768w, https:\/\/wowdentaldesigns.com\/wp-content\/uploads\/2025\/11\/dr-carlos-castillo-199x300.png 199w, https:\/\/wowdentaldesigns.com\/wp-content\/uploads\/2025\/11\/dr-carlos-castillo-678x1024.png 678w, https:\/\/wowdentaldesigns.com\/wp-content\/uploads\/2025\/11\/dr-carlos-castillo.png 795w\" sizes=\"auto, (max-width: 768px) 100vw, 768px\" \/>\t\t\t\t\t\t\t\t\t\t\t\t\t\t\t<\/div>\n\t\t\t\t<\/div>\n\t\t\t\t\t<\/div>\n\t\t\t\t<\/div>\n\t\t<div class=\"elementor-element elementor-element-c39073b e-flex e-con-boxed e-con e-parent\" data-id=\"c39073b\" data-element_type=\"container\">\n\t\t\t\t\t<div class=\"e-con-inner\">\n\t\t\t\t<div class=\"elementor-element elementor-element-226fd36 elementor-widget elementor-widget-icon-box\" data-id=\"226fd36\" data-element_type=\"widget\" data-widget_type=\"icon-box.default\">\n\t\t\t\t\t\t\t<div class=\"elementor-icon-box-wrapper\">\n\n\t\t\t\n\t\t\t\t\t\t<div class=\"elementor-icon-box-content\">\n\n\t\t\t\t\t\t\t\t\t<h3 class=\"elementor-icon-box-title\">\n\t\t\t\t\t\t<span  >\n\t\t\t\t\t\t\tempastes de cavidades\t\t\t\t\t\t<\/span>\n\t\t\t\t\t<\/h3>\n\t\t\t\t\n\t\t\t\t\t\t\t\t\t<p class=\"elementor-icon-box-description\">\n\t\t\t\t\t\tA diferencia de los empastes met\u00e1licos tradicionales, nuestros empastes compuestos modernos ofrecen protecci\u00f3n y belleza, asegurando que sus dientes restaurados luzcan completamente naturales mientras mantienen la funci\u00f3n e integridad completas.\t\t\t\t\t<\/p>\n\t\t\t\t\n\t\t\t<\/div>\n\t\t\t\n\t\t<\/div>\n\t\t\t\t\t\t<\/div>\n\t\t\t\t<div class=\"elementor-element elementor-element-afec1b5 elementor-widget elementor-widget-icon-box\" data-id=\"afec1b5\" data-element_type=\"widget\" data-widget_type=\"icon-box.default\">\n\t\t\t\t\t\t\t<div class=\"elementor-icon-box-wrapper\">\n\n\t\t\t\n\t\t\t\t\t\t<div class=\"elementor-icon-box-content\">\n\n\t\t\t\t\t\t\t\t\t<h3 class=\"elementor-icon-box-title\">\n\t\t\t\t\t\t<span  >\n\t\t\t\t\t\t\tEndodoncia\t\t\t\t\t\t<\/span>\n\t\t\t\t\t<\/h3>\n\t\t\t\t\n\t\t\t\t\t\t\t\t\t<p class=\"elementor-icon-box-description\">\n\t\t\t\t\t\tEl procedimiento es preciso, eficiente y pr\u00e1cticamente indoloro, gracias a la anestesia moderna y al instrumental de \u00faltima generaci\u00f3n. Una vez tratado, el diente se restaura con una corona de porcelana personalizada para recuperar su firmeza, funci\u00f3n y belleza.\t\t\t\t\t<\/p>\n\t\t\t\t\n\t\t\t<\/div>\n\t\t\t\n\t\t<\/div>\n\t\t\t\t\t\t<\/div>\n\t\t\t\t<div class=\"elementor-element elementor-element-0049523 elementor-widget elementor-widget-icon-box\" data-id=\"0049523\" data-element_type=\"widget\" data-widget_type=\"icon-box.default\">\n\t\t\t\t\t\t\t<div class=\"elementor-icon-box-wrapper\">\n\n\t\t\t\n\t\t\t\t\t\t<div class=\"elementor-icon-box-content\">\n\n\t\t\t\t\t\t\t\t\t<h3 class=\"elementor-icon-box-title\">\n\t\t\t\t\t\t<span  >\n\t\t\t\t\t\t\tEXTRACCIONES\t\t\t\t\t\t<\/span>\n\t\t\t\t\t<\/h3>\n\t\t\t\t\n\t\t\t\t\t\t\t\t\t<p class=\"elementor-icon-box-description\">\n\t\t\t\t\t\tUtilizando anestesia avanzada y t\u00e9cnicas m\u00ednimamente invasivas, nuestros doctores extraen el diente afectado, preservando el hueso y el tejido circundante. Este cuidadoso enfoque minimiza las molestias y promueve una cicatrizaci\u00f3n m\u00e1s r\u00e1pida, preparando la base para futuras restauraciones, como implantes dentales o puentes, si es necesario.\n\t\t\t\t\t<\/p>\n\t\t\t\t\n\t\t\t<\/div>\n\t\t\t\n\t\t<\/div>\n\t\t\t\t\t\t<\/div>\n\t\t\t\t<div class=\"elementor-element elementor-element-73b7529 elementor-widget elementor-widget-icon-box\" data-id=\"73b7529\" data-element_type=\"widget\" data-widget_type=\"icon-box.default\">\n\t\t\t\t\t\t\t<div class=\"elementor-icon-box-wrapper\">\n\n\t\t\t\n\t\t\t\t\t\t<div class=\"elementor-icon-box-content\">\n\n\t\t\t\t\t\t\t\t\t<h3 class=\"elementor-icon-box-title\">\n\t\t\t\t\t\t<span  >\n\t\t\t\t\t\t\tCORONA Y PUENTES DE PORCELANA\t\t\t\t\t\t<\/span>\n\t\t\t\t\t<\/h3>\n\t\t\t\t\n\t\t\t\t\t\t\t\t\t<p class=\"elementor-icon-box-description\">\n\t\t\t\t\t\tUna corona de porcelana es una funda dise\u00f1ada a medida que cubre y protege un diente da\u00f1ado o debilitado, restaurando su forma, durabilidad y apariencia natural. Un puente de porcelana, por otro lado, rellena el espacio dejado por uno o m\u00e1s dientes faltantes, anclado firmemente a los dientes circundantes o a los implantes para lograr estabilidad y una alineaci\u00f3n perfecta.\t\t\t\t\t<\/p>\n\t\t\t\t\n\t\t\t<\/div>\n\t\t\t\n\t\t<\/div>\n\t\t\t\t\t\t<\/div>\n\t\t\t\t\t<\/div>\n\t\t\t\t<\/div>\n\t\t\t\t<\/div>","protected":false},"excerpt":{"rendered":"<p>OUR TEAM &amp; EXPERTISE Where Experience, Precision, and Passion Create Extraordinary Smiles. At WOW Dental Designs, our team of highly skilled doctors brings together years of advanced training, artistic vision, and genuine dedication to patient care. Each specialist is committed to delivering excellence through every detail \u2014 from comprehensive cosmetic and restorative treatments to advanced [&hellip;]<\/p>","protected":false},"author":1,"featured_media":0,"parent":0,"menu_order":0,"comment_status":"closed","ping_status":"closed","template":"elementor_header_footer","meta":{"footnotes":""},"class_list":["post-3821","page","type-page","status-publish","hentry"],"aioseo_notices":[],"_links":{"self":[{"href":"https:\/\/wowdentaldesigns.com\/es\/wp-json\/wp\/v2\/pages\/3821","targetHints":{"allow":["GET"]}}],"collection":[{"href":"https:\/\/wowdentaldesigns.com\/es\/wp-json\/wp\/v2\/pages"}],"about":[{"href":"https:\/\/wowdentaldesigns.com\/es\/wp-json\/wp\/v2\/types\/page"}],"author":[{"embeddable":true,"href":"https:\/\/wowdentaldesigns.com\/es\/wp-json\/wp\/v2\/users\/1"}],"replies":[{"embeddable":true,"href":"https:\/\/wowdentaldesigns.com\/es\/wp-json\/wp\/v2\/comments?post=3821"}],"version-history":[{"count":202,"href":"https:\/\/wowdentaldesigns.com\/es\/wp-json\/wp\/v2\/pages\/3821\/revisions"}],"predecessor-version":[{"id":6401,"href":"https:\/\/wowdentaldesigns.com\/es\/wp-json\/wp\/v2\/pages\/3821\/revisions\/6401"}],"wp:attachment":[{"href":"https:\/\/wowdentaldesigns.com\/es\/wp-json\/wp\/v2\/media?parent=3821"}],"curies":[{"name":"wp","href":"https:\/\/api.w.org\/{rel}","templated":true}]}}