{"id":3364,"date":"2025-10-28T16:20:16","date_gmt":"2025-10-28T20:20:16","guid":{"rendered":"https:\/\/wowdentaldesigns.com\/?page_id=3364"},"modified":"2026-02-25T16:03:34","modified_gmt":"2026-02-25T21:03:34","slug":"cosmetic-dentistry","status":"publish","type":"page","link":"https:\/\/wowdentaldesigns.com\/es\/cosmetic-dentistry\/","title":{"rendered":"Odontolog\u00eda Cosm\u00e9tica"},"content":{"rendered":"<div data-elementor-type=\"wp-page\" data-elementor-id=\"3364\" class=\"elementor elementor-3364\" data-elementor-post-type=\"page\">\n\t\t\t\t<section class=\"elementor-element elementor-element-9c8f3dc e-flex e-con-boxed e-con e-parent\" data-id=\"9c8f3dc\" data-element_type=\"container\" data-settings=\"{&quot;background_background&quot;:&quot;classic&quot;}\">\n\t\t\t\t\t<div class=\"e-con-inner\">\n\t\t<div class=\"elementor-element elementor-element-53ea45b e-con-full e-flex e-con e-child\" data-id=\"53ea45b\" data-element_type=\"container\">\n\t\t\t\t<div class=\"elementor-element elementor-element-5fc8356 elementor-widget__width-initial elementor-widget-mobile__width-inherit elementor-widget-tablet__width-inherit elementor-widget elementor-widget-heading\" data-id=\"5fc8356\" data-element_type=\"widget\" data-widget_type=\"heading.default\">\n\t\t\t\t\t<h2 class=\"elementor-heading-title elementor-size-default\">odontolog\u00eda cosm\u00e9tica<\/h2>\t\t\t\t<\/div>\n\t\t\t\t<div class=\"elementor-element elementor-element-8a3ac70 e-transform elementor-widget-divider--view-line elementor-widget elementor-widget-divider\" data-id=\"8a3ac70\" data-element_type=\"widget\" data-settings=\"{&quot;_transform_translateY_effect&quot;:{&quot;unit&quot;:&quot;px&quot;,&quot;size&quot;:-3,&quot;sizes&quot;:[]},&quot;_transform_translateY_effect_mobile&quot;:{&quot;unit&quot;:&quot;px&quot;,&quot;size&quot;:-84,&quot;sizes&quot;:[]},&quot;_transform_translateX_effect&quot;:{&quot;unit&quot;:&quot;px&quot;,&quot;size&quot;:&quot;&quot;,&quot;sizes&quot;:[]},&quot;_transform_translateX_effect_tablet&quot;:{&quot;unit&quot;:&quot;px&quot;,&quot;size&quot;:&quot;&quot;,&quot;sizes&quot;:[]},&quot;_transform_translateX_effect_mobile&quot;:{&quot;unit&quot;:&quot;px&quot;,&quot;size&quot;:&quot;&quot;,&quot;sizes&quot;:[]},&quot;_transform_translateY_effect_tablet&quot;:{&quot;unit&quot;:&quot;px&quot;,&quot;size&quot;:&quot;&quot;,&quot;sizes&quot;:[]}}\" data-widget_type=\"divider.default\">\n\t\t\t\t\t\t\t<div class=\"elementor-divider\">\n\t\t\t<span class=\"elementor-divider-separator\">\n\t\t\t\t\t\t<\/span>\n\t\t<\/div>\n\t\t\t\t\t\t<\/div>\n\t\t\t\t<div class=\"elementor-element elementor-element-83f3a46 e-transform elementor-view-default elementor-widget elementor-widget-icon\" data-id=\"83f3a46\" data-element_type=\"widget\" data-settings=\"{&quot;_transform_translateX_effect&quot;:{&quot;unit&quot;:&quot;px&quot;,&quot;size&quot;:600,&quot;sizes&quot;:[]},&quot;_transform_translateX_effect_tablet&quot;:{&quot;unit&quot;:&quot;%&quot;,&quot;size&quot;:500,&quot;sizes&quot;:[]},&quot;_transform_translateX_effect_mobile&quot;:{&quot;unit&quot;:&quot;%&quot;,&quot;size&quot;:-250,&quot;sizes&quot;:[]},&quot;_transform_translateY_effect&quot;:{&quot;unit&quot;:&quot;px&quot;,&quot;size&quot;:-101,&quot;sizes&quot;:[]},&quot;_transform_translateY_effect_mobile&quot;:{&quot;unit&quot;:&quot;px&quot;,&quot;size&quot;:-24,&quot;sizes&quot;:[]},&quot;_transform_translateY_effect_tablet&quot;:{&quot;unit&quot;:&quot;px&quot;,&quot;size&quot;:-230,&quot;sizes&quot;:[]}}\" data-widget_type=\"icon.default\">\n\t\t\t\t\t\t\t<div class=\"elementor-icon-wrapper\">\n\t\t\t<div class=\"elementor-icon\">\n\t\t\t<svg aria-hidden=\"true\" class=\"e-font-icon-svg e-fas-square-full\" viewbox=\"0 0 512 512\" xmlns=\"http:\/\/www.w3.org\/2000\/svg\"><path d=\"M512 512H0V0h512v512z\"><\/path><\/svg>\t\t\t<\/div>\n\t\t<\/div>\n\t\t\t\t\t\t<\/div>\n\t\t\t\t<\/div>\n\t\t\t\t\t<\/div>\n\t\t\t\t<\/section>\n\t\t<div class=\"elementor-element elementor-element-f1338b0 e-flex e-con-boxed e-con e-parent\" data-id=\"f1338b0\" data-element_type=\"container\" data-settings=\"{&quot;background_background&quot;:&quot;classic&quot;}\">\n\t\t\t\t\t<div class=\"e-con-inner\">\n\t\t<div class=\"elementor-element elementor-element-0443c05 e-con-full e-flex e-con e-child\" data-id=\"0443c05\" data-element_type=\"container\">\n\t\t\t\t<div class=\"elementor-element elementor-element-f7c963f elementor-widget elementor-widget-image\" data-id=\"f7c963f\" data-element_type=\"widget\" data-widget_type=\"image.default\">\n\t\t\t\t\t\t\t\t\t\t\t\t\t\t\t<img loading=\"lazy\" decoding=\"async\" width=\"468\" height=\"760\" src=\"https:\/\/wowdentaldesigns.com\/wp-content\/uploads\/2025\/10\/img-cosmetic-dentistry01.jpg\" class=\"attachment-medium_large size-medium_large wp-image-3410\" alt=\"\" srcset=\"https:\/\/wowdentaldesigns.com\/wp-content\/uploads\/2025\/10\/img-cosmetic-dentistry01.jpg 468w, https:\/\/wowdentaldesigns.com\/wp-content\/uploads\/2025\/10\/img-cosmetic-dentistry01-185x300.jpg 185w\" sizes=\"auto, (max-width: 468px) 100vw, 468px\" \/>\t\t\t\t\t\t\t\t\t\t\t\t\t\t\t<\/div>\n\t\t\t\t<\/div>\n\t\t<div class=\"elementor-element elementor-element-c5cfa29 e-con-full e-flex e-con e-child\" data-id=\"c5cfa29\" data-element_type=\"container\">\n\t\t\t\t<div class=\"elementor-element elementor-element-90b0532 elementor-hidden-mobile elementor-widget-divider--view-line elementor-widget elementor-widget-divider\" data-id=\"90b0532\" data-element_type=\"widget\" data-widget_type=\"divider.default\">\n\t\t\t\t\t\t\t<div class=\"elementor-divider\">\n\t\t\t<span class=\"elementor-divider-separator\">\n\t\t\t\t\t\t<\/span>\n\t\t<\/div>\n\t\t\t\t\t\t<\/div>\n\t\t\t\t<div class=\"elementor-element elementor-element-f6ba754 elementor-widget-mobile__width-inherit elementor-widget elementor-widget-heading\" data-id=\"f6ba754\" data-element_type=\"widget\" data-widget_type=\"heading.default\">\n\t\t\t\t\t<h2 class=\"elementor-heading-title elementor-size-default\">IMPLANTES DENTALES<\/h2>\t\t\t\t<\/div>\n\t\t\t\t<div class=\"elementor-element elementor-element-e31490d elementor-widget-mobile__width-inherit elementor-widget elementor-widget-heading\" data-id=\"e31490d\" data-element_type=\"widget\" data-widget_type=\"heading.default\">\n\t\t\t\t\t<h2 class=\"elementor-heading-title elementor-size-default\">Restaurando fuerza, funci\u00f3n y belleza desde la base.<\/h2>\t\t\t\t<\/div>\n\t\t\t\t<div class=\"elementor-element elementor-element-2529f28 elementor-widget elementor-widget-text-editor\" data-id=\"2529f28\" data-element_type=\"widget\" data-widget_type=\"text-editor.default\">\n\t\t\t\t\t\t\t\t\t<p>Un implante dental es una soluci\u00f3n permanente dise\u00f1ada para reemplazar dientes faltantes con resultados que se ven, se sienten y funcionan como dientes naturales. En WOW Dental Designs, los implantes dentales representan la fusi\u00f3n perfecta de tecnolog\u00eda moderna, odontolog\u00eda de precisi\u00f3n y arte est\u00e9tico, permitiendo a los pacientes recuperar la confianza y la comodidad.<\/p><p>Una vez colocado, el implante se integra con el hueso mediante un proceso llamado osteointegraci\u00f3n, creando una uni\u00f3n segura y duradera. Esta estabilidad le permite masticar, hablar y sonre\u00edr con total confianza, sin preocuparse por el movimiento ni las molestias.<\/p><p>Adem\u00e1s de restaurar la funci\u00f3n, los implantes dentales tambi\u00e9n preservan la estructura facial al prevenir la p\u00e9rdida \u00f3sea, mantener la salud de la mand\u00edbula y respaldar un perfil facial juvenil.<\/p><p>Ya sea que necesite reemplazar un solo diente, varios dientes o un arco completo, nuestro equipo de expertos en WOW Dental Designs adapta cada tratamiento de implantes a su anatom\u00eda \u00fanica y sus objetivos est\u00e9ticos.<\/p>\t\t\t\t\t\t\t\t<\/div>\n\t\t\t\t<\/div>\n\t\t\t\t\t<\/div>\n\t\t\t\t<\/div>\n\t\t<div class=\"elementor-element elementor-element-13666cf e-flex e-con-boxed e-con e-parent\" data-id=\"13666cf\" data-element_type=\"container\" data-settings=\"{&quot;background_background&quot;:&quot;classic&quot;}\">\n\t\t\t\t\t<div class=\"e-con-inner\">\n\t\t<div class=\"elementor-element elementor-element-73fd54f e-con-full e-flex e-con e-child\" data-id=\"73fd54f\" data-element_type=\"container\">\n\t\t\t\t<div class=\"elementor-element elementor-element-6fc3498 elementor-widget elementor-widget-icon-box\" data-id=\"6fc3498\" data-element_type=\"widget\" data-widget_type=\"icon-box.default\">\n\t\t\t\t\t\t\t<div class=\"elementor-icon-box-wrapper\">\n\n\t\t\t\n\t\t\t\t\t\t<div class=\"elementor-icon-box-content\">\n\n\t\t\t\t\t\t\t\t\t<h3 class=\"elementor-icon-box-title\">\n\t\t\t\t\t\t<span  >\n\t\t\t\t\t\t\tBase del implante\t\t\t\t\t\t<\/span>\n\t\t\t\t\t<\/h3>\n\t\t\t\t\n\t\t\t\t\t\t\t\t\t<p class=\"elementor-icon-box-description\">\n\t\t\t\t\t\tUn peque\u00f1o tornillo de titanio o zirconio que se coloca quir\u00fargicamente en el hueso maxilar. Act\u00faa como una ra\u00edz dental artificial, proporcionando una base s\u00f3lida y estable para la restauraci\u00f3n.\t\t\t\t\t<\/p>\n\t\t\t\t\n\t\t\t<\/div>\n\t\t\t\n\t\t<\/div>\n\t\t\t\t\t\t<\/div>\n\t\t\t\t<div class=\"elementor-element elementor-element-ac41a16 elementor-widget elementor-widget-icon-box\" data-id=\"ac41a16\" data-element_type=\"widget\" data-widget_type=\"icon-box.default\">\n\t\t\t\t\t\t\t<div class=\"elementor-icon-box-wrapper\">\n\n\t\t\t\n\t\t\t\t\t\t<div class=\"elementor-icon-box-content\">\n\n\t\t\t\t\t\t\t\t\t<h3 class=\"elementor-icon-box-title\">\n\t\t\t\t\t\t<span  >\n\t\t\t\t\t\t\tEl pilar\t\t\t\t\t\t<\/span>\n\t\t\t\t\t<\/h3>\n\t\t\t\t\n\t\t\t\t\t\t\t\t\t<p class=\"elementor-icon-box-description\">\n\t\t\t\t\t\tUn conector que une el poste del implante a la corona visible o al diente prot\u00e9sico.\n\t\t\t\t\t<\/p>\n\t\t\t\t\n\t\t\t<\/div>\n\t\t\t\n\t\t<\/div>\n\t\t\t\t\t\t<\/div>\n\t\t\t\t<div class=\"elementor-element elementor-element-dc465a3 elementor-widget elementor-widget-icon-box\" data-id=\"dc465a3\" data-element_type=\"widget\" data-widget_type=\"icon-box.default\">\n\t\t\t\t\t\t\t<div class=\"elementor-icon-box-wrapper\">\n\n\t\t\t\n\t\t\t\t\t\t<div class=\"elementor-icon-box-content\">\n\n\t\t\t\t\t\t\t\t\t<h3 class=\"elementor-icon-box-title\">\n\t\t\t\t\t\t<span  >\n\t\t\t\t\t\t\tLa Corona o la Restauraci\u00f3n:\t\t\t\t\t\t<\/span>\n\t\t\t\t\t<\/h3>\n\t\t\t\t\n\t\t\t\t\t\t\t\t\t<p class=\"elementor-icon-box-description\">\n\t\t\t\t\t\tUn diente bellamente elaborado y hecho a medida que combina perfectamente con su esmalte natural en color, forma y brillo.\n\t\t\t\t\t<\/p>\n\t\t\t\t\n\t\t\t<\/div>\n\t\t\t\n\t\t<\/div>\n\t\t\t\t\t\t<\/div>\n\t\t\t\t<div class=\"elementor-element elementor-element-8519b3e elementor-widget elementor-widget-text-editor\" data-id=\"8519b3e\" data-element_type=\"widget\" data-widget_type=\"text-editor.default\">\n\t\t\t\t\t\t\t\t\t<p>Los implantes dentales son m\u00e1s que un reemplazo, son un renacimiento de tu sonrisa, combinando precisi\u00f3n, innovaci\u00f3n y belleza en cada detalle.<\/p>\t\t\t\t\t\t\t\t<\/div>\n\t\t\t\t<\/div>\n\t\t\t\t\t<\/div>\n\t\t\t\t<\/div>\n\t\t<div class=\"elementor-element elementor-element-a703fde e-flex e-con-boxed e-con e-parent\" data-id=\"a703fde\" data-element_type=\"container\">\n\t\t\t\t\t<div class=\"e-con-inner\">\n\t\t\t\t<div class=\"elementor-element elementor-element-21f9dcf elementor-widget-divider--view-line elementor-widget elementor-widget-divider\" data-id=\"21f9dcf\" data-element_type=\"widget\" data-widget_type=\"divider.default\">\n\t\t\t\t\t\t\t<div class=\"elementor-divider\">\n\t\t\t<span class=\"elementor-divider-separator\">\n\t\t\t\t\t\t<\/span>\n\t\t<\/div>\n\t\t\t\t\t\t<\/div>\n\t\t\t\t\t<\/div>\n\t\t\t\t<\/div>\n\t\t<div class=\"elementor-element elementor-element-ed9edfd e-flex e-con-boxed e-con e-parent\" data-id=\"ed9edfd\" data-element_type=\"container\">\n\t\t\t\t\t<div class=\"e-con-inner\">\n\t\t<div class=\"elementor-element elementor-element-2fd4e40 e-con-full e-flex e-con e-child\" data-id=\"2fd4e40\" data-element_type=\"container\">\n\t\t\t\t<div class=\"elementor-element elementor-element-7340620 elementor-hidden-mobile elementor-widget-divider--view-line elementor-widget elementor-widget-divider\" data-id=\"7340620\" data-element_type=\"widget\" data-widget_type=\"divider.default\">\n\t\t\t\t\t\t\t<div class=\"elementor-divider\">\n\t\t\t<span class=\"elementor-divider-separator\">\n\t\t\t\t\t\t<\/span>\n\t\t<\/div>\n\t\t\t\t\t\t<\/div>\n\t\t\t\t<div class=\"elementor-element elementor-element-7426025 elementor-widget-mobile__width-inherit elementor-widget elementor-widget-heading\" data-id=\"7426025\" data-element_type=\"widget\" data-widget_type=\"heading.default\">\n\t\t\t\t\t<h2 class=\"elementor-heading-title elementor-size-default\">CORONA Y PUENTES DE PORCELANA<\/h2>\t\t\t\t<\/div>\n\t\t\t\t<div class=\"elementor-element elementor-element-e077cfc elementor-widget-mobile__width-inherit elementor-widget elementor-widget-heading\" data-id=\"e077cfc\" data-element_type=\"widget\" data-widget_type=\"heading.default\">\n\t\t\t\t\t<h2 class=\"elementor-heading-title elementor-size-default\">Restaurando la fuerza, el equilibrio y la belleza natural<\/h2>\t\t\t\t<\/div>\n\t\t\t\t<div class=\"elementor-element elementor-element-452f5ba elementor-widget elementor-widget-text-editor\" data-id=\"452f5ba\" data-element_type=\"widget\" data-widget_type=\"text-editor.default\">\n\t\t\t\t\t\t\t\t\t<p>Nuestras coronas y puentes dentales est\u00e1n dise\u00f1ados para reconstruir, proteger y realzar sonrisas con precisi\u00f3n y maestr\u00eda. Estas restauraciones no solo restauran la funci\u00f3n y la fuerza, sino que tambi\u00e9n recrean la belleza natural y la armon\u00eda de sus dientes.<\/p><p>Una corona dental es una funda de porcelana hecha a medida que se coloca sobre un diente da\u00f1ado, debilitado o con imperfecciones est\u00e9ticas. Restaura la forma, la firmeza y el color, integr\u00e1ndose a la perfecci\u00f3n con los dientes circundantes para una apariencia impecable y natural. Las coronas se utilizan a menudo despu\u00e9s de endodoncias, empastes grandes o fracturas para reforzar y proteger la estructura dental restante, a la vez que mejoran su apariencia.<\/p><p>Un puente dental reemplaza uno o m\u00e1s dientes faltantes mediante la fijaci\u00f3n de dientes artificiales (p\u00f3nticos) a los dientes naturales o implantes a ambos lados del espacio. Cada puente est\u00e1 dise\u00f1ado para ajustarse c\u00f3modamente, funcionar de forma natural y completar su sonrisa con una alineaci\u00f3n y un equilibrio perfectos.<\/p>\t\t\t\t\t\t\t\t<\/div>\n\t\t\t\t<\/div>\n\t\t<div class=\"elementor-element elementor-element-acdde49 e-con-full e-flex e-con e-child\" data-id=\"acdde49\" data-element_type=\"container\">\n\t\t\t\t<div class=\"elementor-element elementor-element-8c68ed9 elementor-widget elementor-widget-image\" data-id=\"8c68ed9\" data-element_type=\"widget\" data-widget_type=\"image.default\">\n\t\t\t\t\t\t\t\t\t\t\t\t\t\t\t<img loading=\"lazy\" decoding=\"async\" width=\"612\" height=\"990\" src=\"https:\/\/wowdentaldesigns.com\/wp-content\/uploads\/2025\/10\/false-teeth.png\" class=\"attachment-medium_large size-medium_large wp-image-3448\" alt=\"\" srcset=\"https:\/\/wowdentaldesigns.com\/wp-content\/uploads\/2025\/10\/false-teeth.png 612w, https:\/\/wowdentaldesigns.com\/wp-content\/uploads\/2025\/10\/false-teeth-185x300.png 185w\" sizes=\"auto, (max-width: 612px) 100vw, 612px\" \/>\t\t\t\t\t\t\t\t\t\t\t\t\t\t\t<\/div>\n\t\t\t\t<\/div>\n\t\t<div class=\"elementor-element elementor-element-470069c e-con-full e-flex e-con e-child\" data-id=\"470069c\" data-element_type=\"container\">\n\t\t\t\t<div class=\"elementor-element elementor-element-71d649a elementor-widget elementor-widget-text-editor\" data-id=\"71d649a\" data-element_type=\"widget\" data-widget_type=\"text-editor.default\">\n\t\t\t\t\t\t\t\t\t<p>Tanto las coronas como los puentes est\u00e1n fabricados con porcelana de primera calidad y tecnolog\u00eda digital avanzada, lo que garantiza precisi\u00f3n, durabilidad y un acabado realista que refleja el brillo del esmalte natural.<\/p><p>M\u00e1s all\u00e1 de la est\u00e9tica, estas restauraciones juegan un papel vital en el mantenimiento de la salud bucal, evitando que los dientes se muevan, preservando la estabilidad de la mordida y restaurando la capacidad de comer y hablar con facilidad.<\/p><p>Cada corona y puente es m\u00e1s que una restauraci\u00f3n, es una obra de arte, meticulosamente dise\u00f1ada para devolverle a su sonrisa toda su belleza, fuerza y \u200b\u200bconfianza.<\/p>\t\t\t\t\t\t\t\t<\/div>\n\t\t\t\t<\/div>\n\t\t\t\t\t<\/div>\n\t\t\t\t<\/div>\n\t\t<div class=\"elementor-element elementor-element-b93fa0c e-flex e-con-boxed e-con e-parent\" data-id=\"b93fa0c\" data-element_type=\"container\">\n\t\t\t\t\t<div class=\"e-con-inner\">\n\t\t<div class=\"elementor-element elementor-element-1882cea e-con-full e-flex e-con e-child\" data-id=\"1882cea\" data-element_type=\"container\">\n\t\t\t\t<div class=\"elementor-element elementor-element-b9b08a3 elementor-widget elementor-widget-image\" data-id=\"b9b08a3\" data-element_type=\"widget\" data-widget_type=\"image.default\">\n\t\t\t\t\t\t\t\t\t\t\t\t\t\t\t<img loading=\"lazy\" decoding=\"async\" width=\"768\" height=\"985\" src=\"https:\/\/wowdentaldesigns.com\/wp-content\/uploads\/2025\/10\/implant-supported-denture-768x985.png\" class=\"attachment-medium_large size-medium_large wp-image-3449\" alt=\"implant supported denture\" srcset=\"https:\/\/wowdentaldesigns.com\/wp-content\/uploads\/2025\/10\/implant-supported-denture-768x985.png 768w, https:\/\/wowdentaldesigns.com\/wp-content\/uploads\/2025\/10\/implant-supported-denture-234x300.png 234w, https:\/\/wowdentaldesigns.com\/wp-content\/uploads\/2025\/10\/implant-supported-denture.png 772w\" sizes=\"auto, (max-width: 768px) 100vw, 768px\" \/>\t\t\t\t\t\t\t\t\t\t\t\t\t\t\t<\/div>\n\t\t\t\t<\/div>\n\t\t<div class=\"elementor-element elementor-element-9ee4707 e-con-full e-flex e-con e-child\" data-id=\"9ee4707\" data-element_type=\"container\">\n\t\t\t\t<div class=\"elementor-element elementor-element-e602878 elementor-hidden-mobile elementor-widget-divider--view-line elementor-widget elementor-widget-divider\" data-id=\"e602878\" data-element_type=\"widget\" data-widget_type=\"divider.default\">\n\t\t\t\t\t\t\t<div class=\"elementor-divider\">\n\t\t\t<span class=\"elementor-divider-separator\">\n\t\t\t\t\t\t<\/span>\n\t\t<\/div>\n\t\t\t\t\t\t<\/div>\n\t\t\t\t<div class=\"elementor-element elementor-element-2d1d7ca elementor-widget-mobile__width-inherit elementor-widget elementor-widget-heading\" data-id=\"2d1d7ca\" data-element_type=\"widget\" data-widget_type=\"heading.default\">\n\t\t\t\t\t<h2 class=\"elementor-heading-title elementor-size-default\">pr\u00f3tesis h\u00edbridas<\/h2>\t\t\t\t<\/div>\n\t\t\t\t<div class=\"elementor-element elementor-element-435c031 elementor-widget-mobile__width-inherit elementor-widget elementor-widget-heading\" data-id=\"435c031\" data-element_type=\"widget\" data-widget_type=\"heading.default\">\n\t\t\t\t\t<h2 class=\"elementor-heading-title elementor-size-default\">La combinaci\u00f3n perfecta de comodidad, estabilidad y est\u00e9tica atemporal.<\/h2>\t\t\t\t<\/div>\n\t\t\t\t<div class=\"elementor-element elementor-element-2a09c08 elementor-widget elementor-widget-text-editor\" data-id=\"2a09c08\" data-element_type=\"widget\" data-widget_type=\"text-editor.default\">\n\t\t\t\t\t\t\t\t\t<p>Las pr\u00f3tesis h\u00edbridas representan la soluci\u00f3n m\u00e1s avanzada para pacientes que buscan la estabilidad de los implantes dentales con la belleza y la comodidad de una sonrisa natural. Este innovador tratamiento combina tecnolog\u00eda de implantes de vanguardia con pr\u00f3tesis personalizadas para restaurar la funcionalidad, la confianza y la armon\u00eda facial.<\/p><p>A diferencia de las pr\u00f3tesis dentales tradicionales, que pueden deslizarse o requerir adhesivos, las pr\u00f3tesis h\u00edbridas se fijan permanentemente a m\u00faltiples implantes dentales colocados en el hueso maxilar. Estos implantes act\u00faan como anclajes resistentes, manteniendo la pr\u00f3tesis firmemente en su lugar, a la vez que proporcionan la misma mordida y comodidad que los dientes naturales.<\/p><p>Cada pr\u00f3tesis h\u00edbrida se dise\u00f1a meticulosamente mediante im\u00e1genes digitales y artesan\u00eda de precisi\u00f3n, lo que garantiza un ajuste perfecto que complementa su estructura facial y mejora su apariencia general. Fabricadas con materiales de primera calidad, estas restauraciones replican la translucidez y el contorno de los dientes naturales, manteniendo una apariencia suave y equilibrada para una sonrisa juvenil y elegante.<\/p>\t\t\t\t\t\t\t\t<\/div>\n\t\t\t\t<\/div>\n\t\t<div class=\"elementor-element elementor-element-2f70948 e-con-full e-flex e-con e-child\" data-id=\"2f70948\" data-element_type=\"container\">\n\t\t\t\t<div class=\"elementor-element elementor-element-aaa2b21 elementor-widget elementor-widget-text-editor\" data-id=\"aaa2b21\" data-element_type=\"widget\" data-widget_type=\"text-editor.default\">\n\t\t\t\t\t\t\t\t\t<p>M\u00e1s all\u00e1 de la est\u00e9tica, las dentaduras h\u00edbridas tambi\u00e9n ayudan a preservar la estructura \u00f3sea, previniendo el colapso facial a menudo asociado con las dentaduras tradicionales y manteniendo la integridad de la l\u00ednea de la mand\u00edbula.<\/p><p>\u00bfEl resultado? Una sonrisa segura, funcional y hermosamente natural que le permite comer, hablar y re\u00edr con total confianza todos los d\u00edas.<\/p>\t\t\t\t\t\t\t\t<\/div>\n\t\t\t\t<\/div>\n\t\t\t\t\t<\/div>\n\t\t\t\t<\/div>\n\t\t\t\t<\/div>","protected":false},"excerpt":{"rendered":"<p>cosmetic dentistry DENTAL IMPLANTS Restoring Strength, Function, and Beauty From the Foundation Up. A dental implant is a permanent solution designed to replace missing teeth with results that look, feel, and function like natural ones. At WOW Dental Designs, dental implants represent the perfect fusion of modern technology, precision dentistry, and aesthetic artistry allowing patients [&hellip;]<\/p>","protected":false},"author":1,"featured_media":0,"parent":0,"menu_order":0,"comment_status":"closed","ping_status":"closed","template":"elementor_header_footer","meta":{"footnotes":""},"class_list":["post-3364","page","type-page","status-publish","hentry"],"aioseo_notices":[],"_links":{"self":[{"href":"https:\/\/wowdentaldesigns.com\/es\/wp-json\/wp\/v2\/pages\/3364","targetHints":{"allow":["GET"]}}],"collection":[{"href":"https:\/\/wowdentaldesigns.com\/es\/wp-json\/wp\/v2\/pages"}],"about":[{"href":"https:\/\/wowdentaldesigns.com\/es\/wp-json\/wp\/v2\/types\/page"}],"author":[{"embeddable":true,"href":"https:\/\/wowdentaldesigns.com\/es\/wp-json\/wp\/v2\/users\/1"}],"replies":[{"embeddable":true,"href":"https:\/\/wowdentaldesigns.com\/es\/wp-json\/wp\/v2\/comments?post=3364"}],"version-history":[{"count":190,"href":"https:\/\/wowdentaldesigns.com\/es\/wp-json\/wp\/v2\/pages\/3364\/revisions"}],"predecessor-version":[{"id":6394,"href":"https:\/\/wowdentaldesigns.com\/es\/wp-json\/wp\/v2\/pages\/3364\/revisions\/6394"}],"wp:attachment":[{"href":"https:\/\/wowdentaldesigns.com\/es\/wp-json\/wp\/v2\/media?parent=3364"}],"curies":[{"name":"wp","href":"https:\/\/api.w.org\/{rel}","templated":true}]}}