{"id":3211,"date":"2025-10-27T15:49:48","date_gmt":"2025-10-27T19:49:48","guid":{"rendered":"https:\/\/wowdentaldesigns.com\/?page_id=3211"},"modified":"2026-02-25T16:21:55","modified_gmt":"2026-02-25T21:21:55","slug":"porcelain-veneers","status":"publish","type":"page","link":"https:\/\/wowdentaldesigns.com\/es\/porcelain-veneers\/","title":{"rendered":"Carillas de Porcelana"},"content":{"rendered":"<div data-elementor-type=\"wp-page\" data-elementor-id=\"3211\" class=\"elementor elementor-3211\" data-elementor-post-type=\"page\">\n\t\t\t\t<section class=\"elementor-element elementor-element-060f235 e-flex e-con-boxed e-con e-parent\" data-id=\"060f235\" data-element_type=\"container\" data-settings=\"{&quot;background_background&quot;:&quot;classic&quot;}\">\n\t\t\t\t\t<div class=\"e-con-inner\">\n\t\t<div class=\"elementor-element elementor-element-212d1a7 e-con-full e-flex e-con e-child\" data-id=\"212d1a7\" data-element_type=\"container\">\n\t\t\t\t<div class=\"elementor-element elementor-element-af7fae2 elementor-widget__width-initial elementor-widget-mobile__width-inherit elementor-widget-tablet__width-inherit elementor-widget elementor-widget-heading\" data-id=\"af7fae2\" data-element_type=\"widget\" data-widget_type=\"heading.default\">\n\t\t\t\t\t<h2 class=\"elementor-heading-title elementor-size-default\">Carillas de Porcelana<\/h2>\t\t\t\t<\/div>\n\t\t\t\t<\/div>\n\t\t\t\t<div class=\"elementor-element elementor-element-a1af9cd e-transform elementor-widget-divider--view-line elementor-widget elementor-widget-divider\" data-id=\"a1af9cd\" data-element_type=\"widget\" data-settings=\"{&quot;_transform_translateY_effect&quot;:{&quot;unit&quot;:&quot;px&quot;,&quot;size&quot;:-138,&quot;sizes&quot;:[]},&quot;_transform_translateY_effect_mobile&quot;:{&quot;unit&quot;:&quot;px&quot;,&quot;size&quot;:-100,&quot;sizes&quot;:[]},&quot;_transform_translateX_effect&quot;:{&quot;unit&quot;:&quot;px&quot;,&quot;size&quot;:-706,&quot;sizes&quot;:[]},&quot;_transform_translateX_effect_mobile&quot;:{&quot;unit&quot;:&quot;px&quot;,&quot;size&quot;:0,&quot;sizes&quot;:[]},&quot;_transform_translateX_effect_tablet&quot;:{&quot;unit&quot;:&quot;px&quot;,&quot;size&quot;:&quot;&quot;,&quot;sizes&quot;:[]},&quot;_transform_translateY_effect_tablet&quot;:{&quot;unit&quot;:&quot;px&quot;,&quot;size&quot;:&quot;&quot;,&quot;sizes&quot;:[]}}\" data-widget_type=\"divider.default\">\n\t\t\t\t\t\t\t<div class=\"elementor-divider\">\n\t\t\t<span class=\"elementor-divider-separator\">\n\t\t\t\t\t\t<\/span>\n\t\t<\/div>\n\t\t\t\t\t\t<\/div>\n\t\t<div class=\"elementor-element elementor-element-21190e8 e-con-full e-flex e-con e-child\" data-id=\"21190e8\" data-element_type=\"container\">\n\t\t\t\t<div class=\"elementor-element elementor-element-c83f937 elementor-widget__width-initial elementor-widget elementor-widget-image\" data-id=\"c83f937\" data-element_type=\"widget\" data-widget_type=\"image.default\">\n\t\t\t\t\t\t\t\t\t\t\t\t\t\t\t<img loading=\"lazy\" decoding=\"async\" width=\"768\" height=\"768\" src=\"https:\/\/wowdentaldesigns.com\/wp-content\/uploads\/2025\/10\/image-pv-01-768x768.png\" class=\"attachment-medium_large size-medium_large wp-image-3259\" alt=\"\" srcset=\"https:\/\/wowdentaldesigns.com\/wp-content\/uploads\/2025\/10\/image-pv-01-768x768.png 768w, https:\/\/wowdentaldesigns.com\/wp-content\/uploads\/2025\/10\/image-pv-01-300x300.png 300w, https:\/\/wowdentaldesigns.com\/wp-content\/uploads\/2025\/10\/image-pv-01-150x150.png 150w, https:\/\/wowdentaldesigns.com\/wp-content\/uploads\/2025\/10\/image-pv-01.png 872w\" sizes=\"auto, (max-width: 768px) 100vw, 768px\" \/>\t\t\t\t\t\t\t\t\t\t\t\t\t\t\t<\/div>\n\t\t\t\t<\/div>\n\t\t\t\t\t<\/div>\n\t\t\t\t<\/section>\n\t\t<section class=\"elementor-element elementor-element-92edc11 e-flex e-con-boxed e-con e-parent\" data-id=\"92edc11\" data-element_type=\"container\" data-settings=\"{&quot;background_background&quot;:&quot;classic&quot;}\">\n\t\t\t\t\t<div class=\"e-con-inner\">\n\t\t<div class=\"elementor-element elementor-element-0426681 e-con-full e-flex e-con e-child\" data-id=\"0426681\" data-element_type=\"container\">\n\t\t\t\t<div class=\"elementor-element elementor-element-066dce9 elementor-widget-divider--view-line elementor-widget elementor-widget-divider\" data-id=\"066dce9\" data-element_type=\"widget\" data-widget_type=\"divider.default\">\n\t\t\t\t\t\t\t<div class=\"elementor-divider\">\n\t\t\t<span class=\"elementor-divider-separator\">\n\t\t\t\t\t\t<\/span>\n\t\t<\/div>\n\t\t\t\t\t\t<\/div>\n\t\t\t\t<div class=\"elementor-element elementor-element-dd8bdf6 elementor-widget elementor-widget-heading\" data-id=\"dd8bdf6\" data-element_type=\"widget\" data-widget_type=\"heading.default\">\n\t\t\t\t\t<h2 class=\"elementor-heading-title elementor-size-default\">Ventajas de las carillas de porcelana y el dise\u00f1o de sonrisa<\/h2>\t\t\t\t<\/div>\n\t\t\t\t<\/div>\n\t\t<div class=\"elementor-element elementor-element-3ebf3c3 e-con-full e-flex e-con e-child\" data-id=\"3ebf3c3\" data-element_type=\"container\">\n\t\t\t\t<div class=\"elementor-element elementor-element-27a6e2d elementor-view-default elementor-widget elementor-widget-icon\" data-id=\"27a6e2d\" data-element_type=\"widget\" data-widget_type=\"icon.default\">\n\t\t\t\t\t\t\t<div class=\"elementor-icon-wrapper\">\n\t\t\t<div class=\"elementor-icon\">\n\t\t\t<svg aria-hidden=\"true\" class=\"e-font-icon-svg e-fas-square-full\" viewbox=\"0 0 512 512\" xmlns=\"http:\/\/www.w3.org\/2000\/svg\"><path d=\"M512 512H0V0h512v512z\"><\/path><\/svg>\t\t\t<\/div>\n\t\t<\/div>\n\t\t\t\t\t\t<\/div>\n\t\t\t\t<div class=\"elementor-element elementor-element-caf13ef elementor-widget elementor-widget-icon-box\" data-id=\"caf13ef\" data-element_type=\"widget\" data-widget_type=\"icon-box.default\">\n\t\t\t\t\t\t\t<div class=\"elementor-icon-box-wrapper\">\n\n\t\t\t\n\t\t\t\t\t\t<div class=\"elementor-icon-box-content\">\n\n\t\t\t\t\t\t\t\t\t<h3 class=\"elementor-icon-box-title\">\n\t\t\t\t\t\t<span  >\n\t\t\t\t\t\t\tMejora instant\u00e1nea de la sonrisa\t\t\t\t\t\t<\/span>\n\t\t\t\t\t<\/h3>\n\t\t\t\t\n\t\t\t\t\t\t\t\t\t<p class=\"elementor-icon-box-description\">\n\t\t\t\t\t\tConsiga un cambio de imagen completo de su sonrisa en s\u00f3lo unas pocas visitas, las carillas pueden mejorar dr\u00e1sticamente la forma, la simetr\u00eda y el brillo casi al instante.\t\t\t\t\t<\/p>\n\t\t\t\t\n\t\t\t<\/div>\n\t\t\t\n\t\t<\/div>\n\t\t\t\t\t\t<\/div>\n\t\t\t\t<div class=\"elementor-element elementor-element-c594a06 elementor-widget elementor-widget-icon-box\" data-id=\"c594a06\" data-element_type=\"widget\" data-widget_type=\"icon-box.default\">\n\t\t\t\t\t\t\t<div class=\"elementor-icon-box-wrapper\">\n\n\t\t\t\n\t\t\t\t\t\t<div class=\"elementor-icon-box-content\">\n\n\t\t\t\t\t\t\t\t\t<h3 class=\"elementor-icon-box-title\">\n\t\t\t\t\t\t<span  >\n\t\t\t\t\t\t\tApariencia natural y radiante\t\t\t\t\t\t<\/span>\n\t\t\t\t\t<\/h3>\n\t\t\t\t\n\t\t\t\t\t\t\t\t\t<p class=\"elementor-icon-box-description\">\n\t\t\t\t\t\tLa porcelana imita la translucidez y el brillo del esmalte real, creando una sonrisa maravillosamente natural, brillante pero nunca artificial.\t\t\t\t\t<\/p>\n\t\t\t\t\n\t\t\t<\/div>\n\t\t\t\n\t\t<\/div>\n\t\t\t\t\t\t<\/div>\n\t\t\t\t<div class=\"elementor-element elementor-element-0879de0 elementor-widget elementor-widget-icon-box\" data-id=\"0879de0\" data-element_type=\"widget\" data-widget_type=\"icon-box.default\">\n\t\t\t\t\t\t\t<div class=\"elementor-icon-box-wrapper\">\n\n\t\t\t\n\t\t\t\t\t\t<div class=\"elementor-icon-box-content\">\n\n\t\t\t\t\t\t\t\t\t<h3 class=\"elementor-icon-box-title\">\n\t\t\t\t\t\t<span  >\n\t\t\t\t\t\t\tHecho a medida para ti\t\t\t\t\t\t<\/span>\n\t\t\t\t\t<\/h3>\n\t\t\t\t\n\t\t\t\t\t\t\t\t\t<p class=\"elementor-icon-box-description\">\n\t\t\t\t\t\tCada carilla est\u00e1 dise\u00f1ada individualmente para complementar sus rasgos faciales, l\u00ednea de labios y personalidad, asegurando una armon\u00eda y proporci\u00f3n perfectas.\t\t\t\t\t<\/p>\n\t\t\t\t\n\t\t\t<\/div>\n\t\t\t\n\t\t<\/div>\n\t\t\t\t\t\t<\/div>\n\t\t\t\t<div class=\"elementor-element elementor-element-90e95ab elementor-widget elementor-widget-icon-box\" data-id=\"90e95ab\" data-element_type=\"widget\" data-widget_type=\"icon-box.default\">\n\t\t\t\t\t\t\t<div class=\"elementor-icon-box-wrapper\">\n\n\t\t\t\n\t\t\t\t\t\t<div class=\"elementor-icon-box-content\">\n\n\t\t\t\t\t\t\t\t\t<h3 class=\"elementor-icon-box-title\">\n\t\t\t\t\t\t<span  >\n\t\t\t\t\t\t\tResistencia a las manchas\t\t\t\t\t\t<\/span>\n\t\t\t\t\t<\/h3>\n\t\t\t\t\n\t\t\t\t\t\t\t\t\t<p class=\"elementor-icon-box-description\">\n\t\t\t\t\t\tLa porcelana resiste las manchas del caf\u00e9, el vino y los alimentos cotidianos, manteniendo una sonrisa brillante durante a\u00f1os sin decoloraci\u00f3n.\t\t\t\t\t<\/p>\n\t\t\t\t\n\t\t\t<\/div>\n\t\t\t\n\t\t<\/div>\n\t\t\t\t\t\t<\/div>\n\t\t\t\t<div class=\"elementor-element elementor-element-cdbe90a elementor-widget elementor-widget-icon-box\" data-id=\"cdbe90a\" data-element_type=\"widget\" data-widget_type=\"icon-box.default\">\n\t\t\t\t\t\t\t<div class=\"elementor-icon-box-wrapper\">\n\n\t\t\t\n\t\t\t\t\t\t<div class=\"elementor-icon-box-content\">\n\n\t\t\t\t\t\t\t\t\t<h3 class=\"elementor-icon-box-title\">\n\t\t\t\t\t\t<span  >\n\t\t\t\t\t\t\tDuradera\t\t\t\t\t\t<\/span>\n\t\t\t\t\t<\/h3>\n\t\t\t\t\n\t\t\t\t\t\t\t\t\t<p class=\"elementor-icon-box-description\">\n\t\t\t\t\t\tLas carillas de porcelana de alta calidad pueden durar entre 10 y 15 a\u00f1os o m\u00e1s con el cuidado adecuado, combinando resistencia y longevidad con excelencia est\u00e9tica.\n\t\t\t\t\t<\/p>\n\t\t\t\t\n\t\t\t<\/div>\n\t\t\t\n\t\t<\/div>\n\t\t\t\t\t\t<\/div>\n\t\t\t\t<div class=\"elementor-element elementor-element-4ec0654 elementor-widget elementor-widget-icon-box\" data-id=\"4ec0654\" data-element_type=\"widget\" data-widget_type=\"icon-box.default\">\n\t\t\t\t\t\t\t<div class=\"elementor-icon-box-wrapper\">\n\n\t\t\t\n\t\t\t\t\t\t<div class=\"elementor-icon-box-content\">\n\n\t\t\t\t\t\t\t\t\t<h3 class=\"elementor-icon-box-title\">\n\t\t\t\t\t\t<span  >\n\t\t\t\t\t\t\tProcedimiento m\u00ednimamente invasivo\t\t\t\t\t\t<\/span>\n\t\t\t\t\t<\/h3>\n\t\t\t\t\n\t\t\t\t\t\t\t\t\t<p class=\"elementor-icon-box-description\">\n\t\t\t\t\t\tLas t\u00e9cnicas modernas de carillas requieren poca o ninguna remoci\u00f3n de esmalte, preservando la estructura natural de sus dientes y logrando resultados sorprendentes.\t\t\t\t\t<\/p>\n\t\t\t\t\n\t\t\t<\/div>\n\t\t\t\n\t\t<\/div>\n\t\t\t\t\t\t<\/div>\n\t\t\t\t<div class=\"elementor-element elementor-element-856244b elementor-widget elementor-widget-icon-box\" data-id=\"856244b\" data-element_type=\"widget\" data-widget_type=\"icon-box.default\">\n\t\t\t\t\t\t\t<div class=\"elementor-icon-box-wrapper\">\n\n\t\t\t\n\t\t\t\t\t\t<div class=\"elementor-icon-box-content\">\n\n\t\t\t\t\t\t\t\t\t<h3 class=\"elementor-icon-box-title\">\n\t\t\t\t\t\t<span  >\n\t\t\t\t\t\t\tCorrecci\u00f3n integral\t\t\t\t\t\t<\/span>\n\t\t\t\t\t<\/h3>\n\t\t\t\t\n\t\t\t\t\t\t\t\t\t<p class=\"elementor-icon-box-description\">\n\t\t\t\t\t\tLas carillas de porcelana corrigen m\u00faltiples imperfecciones a la vez, incluidas decoloraci\u00f3n, espaciado desigual, astillas, bordes desgastados y desalineaciones menores.\n\t\t\t\t\t<\/p>\n\t\t\t\t\n\t\t\t<\/div>\n\t\t\t\n\t\t<\/div>\n\t\t\t\t\t\t<\/div>\n\t\t\t\t<div class=\"elementor-element elementor-element-c47e773 elementor-widget elementor-widget-icon-box\" data-id=\"c47e773\" data-element_type=\"widget\" data-widget_type=\"icon-box.default\">\n\t\t\t\t\t\t\t<div class=\"elementor-icon-box-wrapper\">\n\n\t\t\t\n\t\t\t\t\t\t<div class=\"elementor-icon-box-content\">\n\n\t\t\t\t\t\t\t\t\t<h3 class=\"elementor-icon-box-title\">\n\t\t\t\t\t\t<span  >\n\t\t\t\t\t\t\tResultados inmediatos con impacto duradero\t\t\t\t\t\t<\/span>\n\t\t\t\t\t<\/h3>\n\t\t\t\t\n\t\t\t\t\t\t\t\t\t<p class=\"elementor-icon-box-description\">\n\t\t\t\t\t\tA diferencia de los tratamientos de ortodoncia que duran meses, las carillas brindan una transformaci\u00f3n inmediata y mantienen un atractivo atemporal durante a\u00f1os.\t\t\t\t\t<\/p>\n\t\t\t\t\n\t\t\t<\/div>\n\t\t\t\n\t\t<\/div>\n\t\t\t\t\t\t<\/div>\n\t\t\t\t<div class=\"elementor-element elementor-element-504cec6 elementor-widget elementor-widget-icon-box\" data-id=\"504cec6\" data-element_type=\"widget\" data-widget_type=\"icon-box.default\">\n\t\t\t\t\t\t\t<div class=\"elementor-icon-box-wrapper\">\n\n\t\t\t\n\t\t\t\t\t\t<div class=\"elementor-icon-box-content\">\n\n\t\t\t\t\t\t\t\t\t<h3 class=\"elementor-icon-box-title\">\n\t\t\t\t\t\t<span  >\n\t\t\t\t\t\t\tDise\u00f1o de sonrisa a medida\t\t\t\t\t\t<\/span>\n\t\t\t\t\t<\/h3>\n\t\t\t\t\n\t\t\t\t\t\t\t\t\t<p class=\"elementor-icon-box-description\">\n\t\t\t\t\t\tTu nueva sonrisa est\u00e1 dise\u00f1ada digitalmente con precisi\u00f3n para reflejar el equilibrio, la simetr\u00eda facial y la est\u00e9tica deseada logrando un resultado verdaderamente personalizado.\t\t\t\t\t<\/p>\n\t\t\t\t\n\t\t\t<\/div>\n\t\t\t\n\t\t<\/div>\n\t\t\t\t\t\t<\/div>\n\t\t\t\t<\/div>\n\t\t\t\t\t<\/div>\n\t\t\t\t<\/section>\n\t\t<section class=\"elementor-element elementor-element-8fffdaf e-flex e-con-boxed e-con e-parent\" data-id=\"8fffdaf\" data-element_type=\"container\">\n\t\t\t\t\t<div class=\"e-con-inner\">\n\t\t\t\t<div class=\"elementor-element elementor-element-ead7213 elementor-widget__width-initial elementor-widget-mobile__width-inherit elementor-widget elementor-widget-image\" data-id=\"ead7213\" data-element_type=\"widget\" data-widget_type=\"image.default\">\n\t\t\t\t\t\t\t\t\t\t\t\t\t\t\t<img loading=\"lazy\" decoding=\"async\" width=\"768\" height=\"1152\" src=\"https:\/\/wowdentaldesigns.com\/wp-content\/uploads\/2025\/10\/img-pv-01-768x1152.jpg\" class=\"attachment-medium_large size-medium_large wp-image-3296\" alt=\"\" srcset=\"https:\/\/wowdentaldesigns.com\/wp-content\/uploads\/2025\/10\/img-pv-01-768x1152.jpg 768w, https:\/\/wowdentaldesigns.com\/wp-content\/uploads\/2025\/10\/img-pv-01-200x300.jpg 200w, https:\/\/wowdentaldesigns.com\/wp-content\/uploads\/2025\/10\/img-pv-01-682x1024.jpg 682w, https:\/\/wowdentaldesigns.com\/wp-content\/uploads\/2025\/10\/img-pv-01.jpg 853w\" sizes=\"auto, (max-width: 768px) 100vw, 768px\" \/>\t\t\t\t\t\t\t\t\t\t\t\t\t\t\t<\/div>\n\t\t\t\t<div class=\"elementor-element elementor-element-3871bb1 elementor-widget-tablet__width-initial elementor-widget-mobile__width-inherit elementor-widget elementor-widget-image\" data-id=\"3871bb1\" data-element_type=\"widget\" data-widget_type=\"image.default\">\n\t\t\t\t\t\t\t\t\t\t\t\t\t\t\t<img loading=\"lazy\" decoding=\"async\" width=\"761\" height=\"761\" src=\"https:\/\/wowdentaldesigns.com\/wp-content\/uploads\/2025\/10\/img-pv-02.jpg\" class=\"attachment-medium_large size-medium_large wp-image-3286\" alt=\"\" srcset=\"https:\/\/wowdentaldesigns.com\/wp-content\/uploads\/2025\/10\/img-pv-02.jpg 761w, https:\/\/wowdentaldesigns.com\/wp-content\/uploads\/2025\/10\/img-pv-02-300x300.jpg 300w, https:\/\/wowdentaldesigns.com\/wp-content\/uploads\/2025\/10\/img-pv-02-150x150.jpg 150w\" sizes=\"auto, (max-width: 761px) 100vw, 761px\" \/>\t\t\t\t\t\t\t\t\t\t\t\t\t\t\t<\/div>\n\t\t\t\t\t<\/div>\n\t\t\t\t<\/section>\n\t\t<section class=\"elementor-element elementor-element-5863396 e-flex e-con-boxed e-con e-parent\" data-id=\"5863396\" data-element_type=\"container\">\n\t\t\t\t\t<div class=\"e-con-inner\">\n\t\t\t\t<div class=\"elementor-element elementor-element-e5803ff elementor-widget elementor-widget-text-editor\" data-id=\"e5803ff\" data-element_type=\"widget\" data-widget_type=\"text-editor.default\">\n\t\t\t\t\t\t\t\t\t<p>En WOW Dental Designs, nuestro Dise\u00f1o de Sonrisa con Carillas de Porcelana es un tratamiento est\u00e9tico personalizado que combina tecnolog\u00eda dental avanzada con maestr\u00eda art\u00edstica para crear la sonrisa perfecta, que luzca natural, radiante y armoniosamente equilibrada con sus rasgos faciales.<\/p><p>Las carillas de porcelana son l\u00e1minas ultrafinas hechas a mano que se adhieren a la superficie frontal de los dientes para corregir imperfecciones como decoloraci\u00f3n, espaciado desigual, astillas, bordes desgastados y peque\u00f1as desalineaciones. Mediante tecnolog\u00eda de dise\u00f1o digital de sonrisas, cada carilla se adapta a la estructura facial, la l\u00ednea de los labios y el estilo personal de cada paciente, garantizando proporciones perfectas y una belleza duradera.<\/p><p>El procedimiento es m\u00ednimamente invasivo y suele completarse en pocas visitas. Con meticulosa precisi\u00f3n, dise\u00f1amos, moldeamos y combinamos el color de cada carilla para lograr resultados indistinguibles de los dientes naturales. El material de porcelana refleja la luz como el esmalte real, ofreciendo un acabado luminoso y natural que resiste las manchas y conserva su brillo durante a\u00f1os.<\/p><p>Ya sea que busque mejorar un diente o transformar toda su sonrisa, nuestro enfoque se centra en la elegancia sutil y los resultados atemporales.<\/p><p>En WOW Dental Designs, una sonrisa no solo mejora, sino que se redefine. Experimente la fusi\u00f3n de innovaci\u00f3n, arte y experiencia que convierte cada sonrisa en una verdadera obra maestra.<\/p>\t\t\t\t\t\t\t\t<\/div>\n\t\t\t\t\t<\/div>\n\t\t\t\t<\/section>\n\t\t\t\t<\/div>","protected":false},"excerpt":{"rendered":"<p>porcelain veneers The Advantages of a Porcelain Veneers Smile Design Instant Smile Enhancement Achieve a complete smile makeover in just a few visits, veneers can dramatically enhance shape, symmetry, and brightness almost instantly. Natural &amp; Radiant Appearance Porcelain mimics the translucency and luster of real enamel, creating a beautifully natural smile that\u2019s bright but never [&hellip;]<\/p>","protected":false},"author":1,"featured_media":0,"parent":0,"menu_order":0,"comment_status":"closed","ping_status":"closed","template":"elementor_header_footer","meta":{"footnotes":""},"class_list":["post-3211","page","type-page","status-publish","hentry"],"aioseo_notices":[],"_links":{"self":[{"href":"https:\/\/wowdentaldesigns.com\/es\/wp-json\/wp\/v2\/pages\/3211","targetHints":{"allow":["GET"]}}],"collection":[{"href":"https:\/\/wowdentaldesigns.com\/es\/wp-json\/wp\/v2\/pages"}],"about":[{"href":"https:\/\/wowdentaldesigns.com\/es\/wp-json\/wp\/v2\/types\/page"}],"author":[{"embeddable":true,"href":"https:\/\/wowdentaldesigns.com\/es\/wp-json\/wp\/v2\/users\/1"}],"replies":[{"embeddable":true,"href":"https:\/\/wowdentaldesigns.com\/es\/wp-json\/wp\/v2\/comments?post=3211"}],"version-history":[{"count":214,"href":"https:\/\/wowdentaldesigns.com\/es\/wp-json\/wp\/v2\/pages\/3211\/revisions"}],"predecessor-version":[{"id":6404,"href":"https:\/\/wowdentaldesigns.com\/es\/wp-json\/wp\/v2\/pages\/3211\/revisions\/6404"}],"wp:attachment":[{"href":"https:\/\/wowdentaldesigns.com\/es\/wp-json\/wp\/v2\/media?parent=3211"}],"curies":[{"name":"wp","href":"https:\/\/api.w.org\/{rel}","templated":true}]}}