{"id":3,"date":"2025-10-06T23:36:01","date_gmt":"2025-10-06T23:36:01","guid":{"rendered":"https:\/\/wowdentaldesigns.com\/?page_id=3"},"modified":"2025-11-26T10:55:47","modified_gmt":"2025-11-26T15:55:47","slug":"privacy-policy","status":"publish","type":"page","link":"https:\/\/wowdentaldesigns.com\/es\/privacy-policy\/","title":{"rendered":"Pol\u00edtica de Privacidad"},"content":{"rendered":"<div data-elementor-type=\"wp-page\" data-elementor-id=\"3\" class=\"elementor elementor-3\" data-elementor-post-type=\"page\">\n\t\t\t\t<div class=\"elementor-element elementor-element-28959877 e-flex e-con-boxed e-con e-parent\" data-id=\"28959877\" data-element_type=\"container\" data-settings=\"{&quot;background_background&quot;:&quot;classic&quot;}\">\n\t\t\t\t\t<div class=\"e-con-inner\">\n\t\t\t\t<div class=\"elementor-element elementor-element-2372eda elementor-widget elementor-widget-heading\" data-id=\"2372eda\" data-element_type=\"widget\" data-widget_type=\"heading.default\">\n\t\t\t\t\t<h2 class=\"elementor-heading-title elementor-size-default\">Pol\u00edtica de Privacidad<\/h2>\t\t\t\t<\/div>\n\t\t\t\t<div class=\"elementor-element elementor-element-b96b687 elementor-widget-divider--view-line elementor-widget elementor-widget-divider\" data-id=\"b96b687\" data-element_type=\"widget\" data-widget_type=\"divider.default\">\n\t\t\t\t\t\t\t<div class=\"elementor-divider\">\n\t\t\t<span class=\"elementor-divider-separator\">\n\t\t\t\t\t\t<\/span>\n\t\t<\/div>\n\t\t\t\t\t\t<\/div>\n\t\t\t\t<div class=\"elementor-element elementor-element-f585769 e-transform elementor-view-default elementor-widget elementor-widget-icon\" data-id=\"f585769\" data-element_type=\"widget\" data-settings=\"{&quot;_transform_translateX_effect&quot;:{&quot;unit&quot;:&quot;px&quot;,&quot;size&quot;:268,&quot;sizes&quot;:[]},&quot;_transform_translateX_effect_mobile&quot;:{&quot;unit&quot;:&quot;px&quot;,&quot;size&quot;:0,&quot;sizes&quot;:[]},&quot;_transform_translateY_effect&quot;:{&quot;unit&quot;:&quot;px&quot;,&quot;size&quot;:-158,&quot;sizes&quot;:[]},&quot;_transform_translateY_effect_tablet&quot;:{&quot;unit&quot;:&quot;px&quot;,&quot;size&quot;:-109,&quot;sizes&quot;:[]},&quot;_transform_translateY_effect_mobile&quot;:{&quot;unit&quot;:&quot;px&quot;,&quot;size&quot;:0,&quot;sizes&quot;:[]},&quot;_transform_translateX_effect_tablet&quot;:{&quot;unit&quot;:&quot;px&quot;,&quot;size&quot;:&quot;&quot;,&quot;sizes&quot;:[]}}\" data-widget_type=\"icon.default\">\n\t\t\t\t\t\t\t<div class=\"elementor-icon-wrapper\">\n\t\t\t<div class=\"elementor-icon\">\n\t\t\t<svg aria-hidden=\"true\" class=\"e-font-icon-svg e-fas-square-full\" viewbox=\"0 0 512 512\" xmlns=\"http:\/\/www.w3.org\/2000\/svg\"><path d=\"M512 512H0V0h512v512z\"><\/path><\/svg>\t\t\t<\/div>\n\t\t<\/div>\n\t\t\t\t\t\t<\/div>\n\t\t\t\t<div class=\"elementor-element elementor-element-9fb6234 elementor-widget elementor-widget-text-editor\" data-id=\"9fb6234\" data-element_type=\"widget\" data-widget_type=\"text-editor.default\">\n\t\t\t\t\t\t\t\t\t<p>Este aviso describe c\u00f3mo se puede usar y divulgar su informaci\u00f3n m\u00e9dica y c\u00f3mo puede acceder a ella. \u00a1Lea atentamente!<\/p><p>Con su consentimiento, las leyes federales de privacidad permiten que el consultorio utilice y divulgue su informaci\u00f3n m\u00e9dica para fines de tratamiento, pago y atenci\u00f3n m\u00e9dica. La informaci\u00f3n m\u00e9dica protegida es la que generamos y obtenemos al brindarle nuestros servicios. Dicha informaci\u00f3n puede incluir la documentaci\u00f3n de sus s\u00edntomas, resultados de ex\u00e1menes y pruebas, diagn\u00f3sticos, tratamiento y la solicitud de atenci\u00f3n o tratamiento futuro. Tambi\u00e9n incluye los documentos de facturaci\u00f3n de dichos servicios.<\/p><p><strong>EJEMPLO DE USOS DE SU INFORMACI\u00d3N DE SALUD PARA FINES DE TRATAMIENTO:<br \/><\/strong>Una enfermera obtiene informaci\u00f3n sobre su tratamiento y la registra en su historial m\u00e9dico. Durante el tratamiento, el m\u00e9dico determina la necesidad de consultar con otro especialista en la zona. El m\u00e9dico compartir\u00e1 la informaci\u00f3n con dicho especialista y solicitar\u00e1 sus opiniones.<\/p><p><strong>EJEMPLO DE USO DE SU INFORMACI\u00d3N DE SALUD PARA FINES DE PAGO:<br \/><\/strong>Presentamos una solicitud de pago a su compa\u00f1\u00eda de seguros m\u00e9dicos. Esta nos solicita informaci\u00f3n sobre la atenci\u00f3n m\u00e9dica recibida. Le proporcionaremos informaci\u00f3n sobre usted y la atenci\u00f3n recibida.<\/p><p><strong>EJEMPLO DE USO DE SU INFORMACI\u00d3N PARA OPERACIONES DE ATENCI\u00d3N M\u00c9DICA:<br \/><\/strong>Obtenemos servicios de nuestras aseguradoras u otros socios comerciales, como evaluaci\u00f3n de calidad, mejora de la calidad, evaluaci\u00f3n de resultados, desarrollo de protocolos y gu\u00edas cl\u00ednicas, programas de capacitaci\u00f3n, acreditaci\u00f3n, revisi\u00f3n m\u00e9dica, servicios legales y seguros. Compartiremos su informaci\u00f3n con dichas aseguradoras u otros socios comerciales seg\u00fan sea necesario para obtener estos servicios.<\/p><p><strong>SUS DERECHOS SOBRE LA INFORMACI\u00d3N M\u00c9DICA<br \/><\/strong>El historial m\u00e9dico que mantenemos y los registros de facturaci\u00f3n son propiedad f\u00edsica del consultorio. Sin embargo, la informaci\u00f3n que contiene le pertenece a usted. Tiene derecho a:<\/p><p>Solicite una restricci\u00f3n sobre ciertos usos y divulgaciones de su informaci\u00f3n m\u00e9dica mediante la entrega de la solicitud por escrito en nuestra oficina. No estamos obligados a conceder la solicitud, pero la cumpliremos.<br \/>Obtenga una copia impresa de este Aviso de pr\u00e1cticas de privacidad para informaci\u00f3n de salud protegida (\u201cAviso\u201d) realizando una solicitud en nuestra oficina;<\/p><p>Solicitar que se le permita inspeccionar y copiar su historial m\u00e9dico y registro de facturaci\u00f3n: puede ejercer este derecho entregando la solicitud por escrito en nuestra oficina;<\/p><p>Apelar una denegaci\u00f3n de acceso a su informaci\u00f3n m\u00e9dica protegida, excepto en determinadas circunstancias;<\/p><p>Solicitar que se modifique su historial m\u00e9dico para corregir informaci\u00f3n incompleta o incorrecta entregando una solicitud por escrito en nuestra oficina;<\/p><p>Presentar una declaraci\u00f3n de desacuerdo si se rechaza su enmienda y exigir que la solicitud de enmienda y cualquier rechazo se adjunten en todas las futuras divulgaciones de su informaci\u00f3n m\u00e9dica protegida;<\/p><p>Obtener un informe de las divulgaciones de su informaci\u00f3n m\u00e9dica, seg\u00fan lo exige la ley, mediante una solicitud por escrito a nuestra oficina. Este informe no incluir\u00e1 el uso interno de la informaci\u00f3n para tratamiento, pago u operaciones, las divulgaciones realizadas a usted o a petici\u00f3n suya, ni las divulgaciones realizadas a familiares o amigos durante la atenci\u00f3n m\u00e9dica.<\/p><p><strong>AVISO DE PR\u00c1CTICAS DE PRIVACIDAD PARA INFORMACI\u00d3N M\u00c9DICA PROTEGIDA<br \/><\/strong>Solicitar que la comunicaci\u00f3n de su informaci\u00f3n de salud se realice por medios alternativos o en una ubicaci\u00f3n alternativa entregando la solicitud por escrito en nuestra oficina; y,<br \/>Revocar las autorizaciones que usted haya otorgado previamente para usar o divulgar informaci\u00f3n, excepto en la medida en que la informaci\u00f3n o la acci\u00f3n ya se hayan tomado, entregando una revocaci\u00f3n por escrito a nuestra oficina.<br \/>Si desea ejercer alguno de los derechos mencionados, comun\u00edquese con [nombre del paciente], en persona o por escrito, durante el horario habitual. Le brindaremos asistencia sobre los pasos a seguir para ejercer sus derechos. Tiene derecho a revisar este Aviso antes de firmar el consentimiento que autoriza el uso y la divulgaci\u00f3n de su informaci\u00f3n m\u00e9dica protegida para fines de tratamiento, pago y atenci\u00f3n m\u00e9dica.<\/p><p><strong>NUESTRAS RESPONSABILIDADES<br \/>LA PR\u00c1CTICA ES REQUERIDA PARA:<\/strong><\/p><p>Mantener la privacidad de su informaci\u00f3n m\u00e9dica seg\u00fan lo exige la ley; Proporcionarle un aviso de nuestros deberes y pr\u00e1cticas de privacidad con respecto a la informaci\u00f3n que recopilamos y mantenemos sobre usted; Cumplir con los t\u00e9rminos de este Aviso; Notificarle si no podemos cumplir con una restricci\u00f3n o solicitud solicitada; y Atender sus solicitudes razonables con respecto a los m\u00e9todos para comunicarle informaci\u00f3n m\u00e9dica. Nos reservamos el derecho de enmendar, cambiar o eliminar disposiciones en nuestras pr\u00e1cticas de privacidad y pr\u00e1cticas de acceso y de promulgar nuevas disposiciones con respecto a la informaci\u00f3n m\u00e9dica protegida que mantenemos. Si nuestras pr\u00e1cticas de informaci\u00f3n cambian, enmendaremos nuestro Aviso. Tiene derecho a recibir una copia revisada del Aviso llamando y solicitando una copia de nuestro \"Aviso\" o visitando nuestra oficina y recogiendo una copia.<\/p><p><strong>PARA SOLICITAR INFORMACI\u00d3N O PRESENTAR UNA QUEJA<br \/><\/strong>Si tiene preguntas, desea obtener informaci\u00f3n adicional o quiere informar un problema con respecto al manejo de su informaci\u00f3n, puede comunicarse con Adem\u00e1s, si cree que se han violado sus derechos de privacidad, puede presentar una queja por escrito en nuestra oficina entregando la queja por escrito a Tambi\u00e9n puede presentar una queja envi\u00e1ndola por correo postal o correo electr\u00f3nico al Secretario de Salud y Servicios Humanos, cuya direcci\u00f3n postal y direcci\u00f3n de correo electr\u00f3nico es<\/p><p>No podemos, y no le exigiremos, que renuncie a su derecho de presentar una queja ante el Secretario de Salud y Servicios Humanos (HHS) como condici\u00f3n para recibir tratamiento del consultorio.<br \/>No podemos tomar represalias contra usted por presentar una queja ante el Secretario. Otras divulgaciones y usos: Notificaci\u00f3n. A menos que usted se oponga, podemos usar o divulgar su informaci\u00f3n m\u00e9dica protegida para notificar, o ayudar a notificar, a un familiar, representante personal u otra persona responsable de su atenci\u00f3n sobre su ubicaci\u00f3n, su estado general o su fallecimiento.<\/p><p><strong>COMUNICACI\u00d3N CON LA FAMILIA<br \/><\/strong>Usando nuestro mejor criterio, podemos revelar a un miembro de la familia, otro pariente, amigo personal cercano o cualquier otra persona que usted identifique, informaci\u00f3n de salud relevante para la participaci\u00f3n de esa persona en su atenci\u00f3n o en el pago de dicha atenci\u00f3n si usted no se opone o en una emergencia.<\/p><p><strong>ADMINISTRACI\u00d3N DE ALIMENTOS Y MEDICAMENTOS (FDA)<br \/><\/strong>Podemos revelar a la FDA su informaci\u00f3n m\u00e9dica protegida relacionada con eventos adversos con respecto a productos y defectos de productos, o informaci\u00f3n de vigilancia posterior a la comercializaci\u00f3n para permitir retiros, reparaciones o reemplazos de productos.<\/p><p><strong>COMPENSACI\u00d3N LABORAL<br \/><\/strong>Si busca una compensaci\u00f3n a trav\u00e9s de Compensaci\u00f3n para Trabajadores, podemos divulgar su informaci\u00f3n m\u00e9dica protegida en la medida que sea necesario para cumplir con las leyes relacionadas con la Compensaci\u00f3n para Trabajadores.<\/p><p><strong>SALUD P\u00daBLICA<br \/><\/strong>Seg\u00fan lo exige la ley, podemos divulgar su informaci\u00f3n m\u00e9dica protegida a las autoridades legales o de salud p\u00fablica encargadas de prevenir o controlar enfermedades, lesiones o discapacidades.<\/p><p><strong>ABUSO Y NEGLIGENCIA<br \/><\/strong>Podemos divulgar su informaci\u00f3n m\u00e9dica protegida a las autoridades p\u00fablicas seg\u00fan lo permita la ley para denunciar abuso o negligencia.<\/p><p><strong>INSTITUCIONES CORRECCIONALES<br \/><\/strong>Si usted es un recluso de una instituci\u00f3n correccional, podemos divulgar a la instituci\u00f3n o a sus agentes su informaci\u00f3n m\u00e9dica protegida necesaria para su salud y la salud y seguridad de otras personas.<\/p><p><strong>APLICACI\u00d3N DE LA LEY<br \/><\/strong>Podemos divulgar su informaci\u00f3n m\u00e9dica protegida para fines de cumplimiento de la ley seg\u00fan lo requiera la ley, como cuando lo exija una orden judicial o en casos que involucren procesamientos por delitos graves, o en la medida en que un individuo est\u00e9 bajo la custodia de las fuerzas de seguridad.<\/p><p><strong>SUPERVISI\u00d3N DE LA SALUD<br \/><\/strong>La ley federal nos permite divulgar su informaci\u00f3n m\u00e9dica protegida a las agencias de supervisi\u00f3n de salud apropiadas o para actividades de supervisi\u00f3n de salud. Procedimientos judiciales\/administrativos Podemos divulgar su informaci\u00f3n m\u00e9dica protegida en el curso de cualquier procedimiento judicial o administrativo seg\u00fan lo permita o requiera la ley, con su consentimiento o seg\u00fan lo indique una orden judicial correspondiente.<\/p><p><strong>OTROS USOS<br \/><\/strong>Otros usos y divulgaciones adem\u00e1s de los identificados en este Aviso se realizar\u00e1n \u00fanicamente seg\u00fan lo autorizado por la ley o con su autorizaci\u00f3n por escrito y usted podr\u00e1 revocar la autorizaci\u00f3n como se proporcion\u00f3 anteriormente.<\/p><p><strong>SITIO WEB<br \/><\/strong>Si mantenemos un sitio web que proporciona informaci\u00f3n sobre nuestra entidad, este Aviso estar\u00e1 en el sitio web.<\/p>\t\t\t\t\t\t\t\t<\/div>\n\t\t\t\t\t<\/div>\n\t\t\t\t<\/div>\n\t\t\t\t<\/div>","protected":false},"excerpt":{"rendered":"<p>Privacy Policy This notice describes how medical information about you may be used and disclosed and how you can get access to this information. Please review it carefully! With your consent, the practice is permitted by federal privacy laws to make uses and disclosures of your health information for purposes of treatment, payment, and health [&hellip;]<\/p>","protected":false},"author":1,"featured_media":0,"parent":0,"menu_order":0,"comment_status":"closed","ping_status":"closed","template":"elementor_header_footer","meta":{"footnotes":""},"class_list":["post-3","page","type-page","status-publish","hentry"],"aioseo_notices":[],"_links":{"self":[{"href":"https:\/\/wowdentaldesigns.com\/es\/wp-json\/wp\/v2\/pages\/3","targetHints":{"allow":["GET"]}}],"collection":[{"href":"https:\/\/wowdentaldesigns.com\/es\/wp-json\/wp\/v2\/pages"}],"about":[{"href":"https:\/\/wowdentaldesigns.com\/es\/wp-json\/wp\/v2\/types\/page"}],"author":[{"embeddable":true,"href":"https:\/\/wowdentaldesigns.com\/es\/wp-json\/wp\/v2\/users\/1"}],"replies":[{"embeddable":true,"href":"https:\/\/wowdentaldesigns.com\/es\/wp-json\/wp\/v2\/comments?post=3"}],"version-history":[{"count":79,"href":"https:\/\/wowdentaldesigns.com\/es\/wp-json\/wp\/v2\/pages\/3\/revisions"}],"predecessor-version":[{"id":4769,"href":"https:\/\/wowdentaldesigns.com\/es\/wp-json\/wp\/v2\/pages\/3\/revisions\/4769"}],"wp:attachment":[{"href":"https:\/\/wowdentaldesigns.com\/es\/wp-json\/wp\/v2\/media?parent=3"}],"curies":[{"name":"wp","href":"https:\/\/api.w.org\/{rel}","templated":true}]}}