{"id":2928,"date":"2025-10-27T00:00:32","date_gmt":"2025-10-27T00:00:32","guid":{"rendered":"https:\/\/wowdentaldesigns.com\/?page_id=2928"},"modified":"2026-02-25T15:59:46","modified_gmt":"2026-02-25T20:59:46","slug":"composite-resin-veneers","status":"publish","type":"page","link":"https:\/\/wowdentaldesigns.com\/es\/composite-resin-veneers\/","title":{"rendered":"Carillas de Resina Compuesta"},"content":{"rendered":"<div data-elementor-type=\"wp-page\" data-elementor-id=\"2928\" class=\"elementor elementor-2928\" data-elementor-post-type=\"page\">\n\t\t\t\t<section class=\"elementor-element elementor-element-d9e407d e-flex e-con-boxed e-con e-child\" data-id=\"d9e407d\" data-element_type=\"container\" data-settings=\"{&quot;background_background&quot;:&quot;classic&quot;}\">\n\t\t\t\t\t<div class=\"e-con-inner\">\n\t\t<div class=\"elementor-element elementor-element-e48a115 e-con-full e-flex e-con e-child\" data-id=\"e48a115\" data-element_type=\"container\">\n\t\t\t\t<div class=\"elementor-element elementor-element-235e86f elementor-widget elementor-widget-heading\" data-id=\"235e86f\" data-element_type=\"widget\" data-widget_type=\"heading.default\">\n\t\t\t\t\t<h2 class=\"elementor-heading-title elementor-size-default\">CARILLAS DE RESINA COMPUESTA<\/h2>\t\t\t\t<\/div>\n\t\t\t\t<div class=\"elementor-element elementor-element-0706ebb e-transform elementor-view-default elementor-widget elementor-widget-icon\" data-id=\"0706ebb\" data-element_type=\"widget\" data-settings=\"{&quot;_transform_translateX_effect&quot;:{&quot;unit&quot;:&quot;px&quot;,&quot;size&quot;:1100,&quot;sizes&quot;:[]},&quot;_transform_translateY_effect&quot;:{&quot;unit&quot;:&quot;px&quot;,&quot;size&quot;:-171,&quot;sizes&quot;:[]},&quot;_transform_translateX_effect_tablet&quot;:{&quot;unit&quot;:&quot;%&quot;,&quot;size&quot;:0,&quot;sizes&quot;:[]},&quot;_transform_translateX_effect_mobile&quot;:{&quot;unit&quot;:&quot;px&quot;,&quot;size&quot;:-255,&quot;sizes&quot;:[]},&quot;_transform_translateY_effect_tablet&quot;:{&quot;unit&quot;:&quot;px&quot;,&quot;size&quot;:-156,&quot;sizes&quot;:[]},&quot;_transform_translateY_effect_mobile&quot;:{&quot;unit&quot;:&quot;px&quot;,&quot;size&quot;:-1,&quot;sizes&quot;:[]}}\" data-widget_type=\"icon.default\">\n\t\t\t\t\t\t\t<div class=\"elementor-icon-wrapper\">\n\t\t\t<div class=\"elementor-icon\">\n\t\t\t<svg aria-hidden=\"true\" class=\"e-font-icon-svg e-fas-square-full\" viewbox=\"0 0 512 512\" xmlns=\"http:\/\/www.w3.org\/2000\/svg\"><path d=\"M512 512H0V0h512v512z\"><\/path><\/svg>\t\t\t<\/div>\n\t\t<\/div>\n\t\t\t\t\t\t<\/div>\n\t\t\t\t<div class=\"elementor-element elementor-element-64caa02 e-transform elementor-widget-divider--view-line elementor-widget elementor-widget-divider\" data-id=\"64caa02\" data-element_type=\"widget\" data-settings=\"{&quot;_transform_translateX_effect&quot;:{&quot;unit&quot;:&quot;px&quot;,&quot;size&quot;:-73,&quot;sizes&quot;:[]},&quot;_transform_translateY_effect&quot;:{&quot;unit&quot;:&quot;px&quot;,&quot;size&quot;:-160,&quot;sizes&quot;:[]},&quot;_transform_translateX_effect_tablet&quot;:{&quot;unit&quot;:&quot;px&quot;,&quot;size&quot;:0,&quot;sizes&quot;:[]},&quot;_transform_translateX_effect_mobile&quot;:{&quot;unit&quot;:&quot;px&quot;,&quot;size&quot;:0,&quot;sizes&quot;:[]},&quot;_transform_translateY_effect_tablet&quot;:{&quot;unit&quot;:&quot;px&quot;,&quot;size&quot;:-172,&quot;sizes&quot;:[]},&quot;_transform_translateY_effect_mobile&quot;:{&quot;unit&quot;:&quot;px&quot;,&quot;size&quot;:-221,&quot;sizes&quot;:[]}}\" data-widget_type=\"divider.default\">\n\t\t\t\t\t\t\t<div class=\"elementor-divider\">\n\t\t\t<span class=\"elementor-divider-separator\">\n\t\t\t\t\t\t<\/span>\n\t\t<\/div>\n\t\t\t\t\t\t<\/div>\n\t\t\t\t<\/div>\n\t\t\t\t\t<\/div>\n\t\t\t\t<\/section>\n\t\t<section class=\"elementor-element elementor-element-9416db7 e-flex e-con-boxed e-con e-parent\" data-id=\"9416db7\" data-element_type=\"container\" data-settings=\"{&quot;background_background&quot;:&quot;classic&quot;}\">\n\t\t\t\t\t<div class=\"e-con-inner\">\n\t\t<div class=\"elementor-element elementor-element-0d5d968 e-con-full e-flex e-con e-child\" data-id=\"0d5d968\" data-element_type=\"container\">\n\t\t<div class=\"elementor-element elementor-element-b43f320 e-con-full e-flex e-con e-child\" data-id=\"b43f320\" data-element_type=\"container\">\n\t\t\t\t<div class=\"elementor-element elementor-element-7a24b19 elementor-widget elementor-widget-image\" data-id=\"7a24b19\" data-element_type=\"widget\" data-widget_type=\"image.default\">\n\t\t\t\t\t\t\t\t\t\t\t\t\t\t\t<img loading=\"lazy\" decoding=\"async\" width=\"768\" height=\"768\" src=\"https:\/\/wowdentaldesigns.com\/wp-content\/uploads\/2025\/11\/CRV-image-00-768x768.jpg\" class=\"attachment-medium_large size-medium_large wp-image-4343\" alt=\"\" srcset=\"https:\/\/wowdentaldesigns.com\/wp-content\/uploads\/2025\/11\/CRV-image-00-768x768.jpg 768w, https:\/\/wowdentaldesigns.com\/wp-content\/uploads\/2025\/11\/CRV-image-00-300x300.jpg 300w, https:\/\/wowdentaldesigns.com\/wp-content\/uploads\/2025\/11\/CRV-image-00-150x150.jpg 150w, https:\/\/wowdentaldesigns.com\/wp-content\/uploads\/2025\/11\/CRV-image-00.jpg 872w\" sizes=\"auto, (max-width: 768px) 100vw, 768px\" \/>\t\t\t\t\t\t\t\t\t\t\t\t\t\t\t<\/div>\n\t\t\t\t<\/div>\n\t\t\t\t<\/div>\n\t\t<div class=\"elementor-element elementor-element-27e6a3d e-con-full e-flex e-con e-child\" data-id=\"27e6a3d\" data-element_type=\"container\">\n\t\t\t\t<div class=\"elementor-element elementor-element-92f38cf elementor-widget elementor-widget-heading\" data-id=\"92f38cf\" data-element_type=\"widget\" data-widget_type=\"heading.default\">\n\t\t\t\t\t<h2 class=\"elementor-heading-title elementor-size-default\">Las ventajas de las carillas de resina compuesta en el dise\u00f1o de sonrisa<\/h2>\t\t\t\t<\/div>\n\t\t\t\t<div class=\"elementor-element elementor-element-74d5086 elementor-widget-divider--view-line elementor-widget elementor-widget-divider\" data-id=\"74d5086\" data-element_type=\"widget\" data-widget_type=\"divider.default\">\n\t\t\t\t\t\t\t<div class=\"elementor-divider\">\n\t\t\t<span class=\"elementor-divider-separator\">\n\t\t\t\t\t\t<\/span>\n\t\t<\/div>\n\t\t\t\t\t\t<\/div>\n\t\t\t\t<\/div>\n\t\t<div class=\"elementor-element elementor-element-3b4b5f9 e-con-full e-flex e-con e-child\" data-id=\"3b4b5f9\" data-element_type=\"container\">\n\t\t\t\t<div class=\"elementor-element elementor-element-de4cd80 elementor-widget elementor-widget-icon-box\" data-id=\"de4cd80\" data-element_type=\"widget\" data-widget_type=\"icon-box.default\">\n\t\t\t\t\t\t\t<div class=\"elementor-icon-box-wrapper\">\n\n\t\t\t\n\t\t\t\t\t\t<div class=\"elementor-icon-box-content\">\n\n\t\t\t\t\t\t\t\t\t<h3 class=\"elementor-icon-box-title\">\n\t\t\t\t\t\t<span  >\n\t\t\t\t\t\t\tMejora instant\u00e1nea de la sonrisa\t\t\t\t\t\t<\/span>\n\t\t\t\t\t<\/h3>\n\t\t\t\t\n\t\t\t\t\t\t\t\t\t<p class=\"elementor-icon-box-description\">\n\t\t\t\t\t\tLas carillas compuestas pueden mejorar dr\u00e1sticamente la apariencia de su sonrisa en una sola visita, perfectas para pacientes que buscan resultados hermosos e inmediatos.\t\t\t\t\t<\/p>\n\t\t\t\t\n\t\t\t<\/div>\n\t\t\t\n\t\t<\/div>\n\t\t\t\t\t\t<\/div>\n\t\t\t\t<div class=\"elementor-element elementor-element-64ac7f5 elementor-widget elementor-widget-icon-box\" data-id=\"64ac7f5\" data-element_type=\"widget\" data-widget_type=\"icon-box.default\">\n\t\t\t\t\t\t\t<div class=\"elementor-icon-box-wrapper\">\n\n\t\t\t\n\t\t\t\t\t\t<div class=\"elementor-icon-box-content\">\n\n\t\t\t\t\t\t\t\t\t<h3 class=\"elementor-icon-box-title\">\n\t\t\t\t\t\t<span  >\n\t\t\t\t\t\t\tProcedimiento m\u00ednimamente invasivo\t\t\t\t\t\t<\/span>\n\t\t\t\t\t<\/h3>\n\t\t\t\t\n\t\t\t\t\t\t\t\t\t<p class=\"elementor-icon-box-description\">\n\t\t\t\t\t\tEs necesario quitar poco o nada de esmalte, preservando la estructura natural de sus dientes y logrando una sonrisa impresionante y uniforme.\t\t\t\t\t<\/p>\n\t\t\t\t\n\t\t\t<\/div>\n\t\t\t\n\t\t<\/div>\n\t\t\t\t\t\t<\/div>\n\t\t\t\t<div class=\"elementor-element elementor-element-4411f3f elementor-widget elementor-widget-icon-box\" data-id=\"4411f3f\" data-element_type=\"widget\" data-widget_type=\"icon-box.default\">\n\t\t\t\t\t\t\t<div class=\"elementor-icon-box-wrapper\">\n\n\t\t\t\n\t\t\t\t\t\t<div class=\"elementor-icon-box-content\">\n\n\t\t\t\t\t\t\t\t\t<h3 class=\"elementor-icon-box-title\">\n\t\t\t\t\t\t<span  >\n\t\t\t\t\t\t\tSoluci\u00f3n est\u00e9tica asequible\t\t\t\t\t\t<\/span>\n\t\t\t\t\t<\/h3>\n\t\t\t\t\n\t\t\t\t\t\t\t\t\t<p class=\"elementor-icon-box-description\">\n\t\t\t\t\t\tLas carillas de resina compuesta ofrecen una alternativa m\u00e1s rentable a las carillas de porcelana y al mismo tiempo ofrecen mejoras est\u00e9ticas impresionantes.\t\t\t\t\t<\/p>\n\t\t\t\t\n\t\t\t<\/div>\n\t\t\t\n\t\t<\/div>\n\t\t\t\t\t\t<\/div>\n\t\t\t\t<div class=\"elementor-element elementor-element-3b48b63 elementor-widget elementor-widget-icon-box\" data-id=\"3b48b63\" data-element_type=\"widget\" data-widget_type=\"icon-box.default\">\n\t\t\t\t\t\t\t<div class=\"elementor-icon-box-wrapper\">\n\n\t\t\t\n\t\t\t\t\t\t<div class=\"elementor-icon-box-content\">\n\n\t\t\t\t\t\t\t\t\t<h3 class=\"elementor-icon-box-title\">\n\t\t\t\t\t\t<span  >\n\t\t\t\t\t\t\tTotalmente personalizable\t\t\t\t\t\t<\/span>\n\t\t\t\t\t<\/h3>\n\t\t\t\t\n\t\t\t\t\t\t\t\t\t<p class=\"elementor-icon-box-description\">\n\t\t\t\t\t\tCada carilla es cuidadosamente esculpida y moldeada directamente sobre sus dientes por el dentista, lo que permite realizar ajustes en tiempo real para lograr el aspecto y el equilibrio deseados.\t\t\t\t\t<\/p>\n\t\t\t\t\n\t\t\t<\/div>\n\t\t\t\n\t\t<\/div>\n\t\t\t\t\t\t<\/div>\n\t\t\t\t<div class=\"elementor-element elementor-element-a81055a elementor-widget elementor-widget-icon-box\" data-id=\"a81055a\" data-element_type=\"widget\" data-widget_type=\"icon-box.default\">\n\t\t\t\t\t\t\t<div class=\"elementor-icon-box-wrapper\">\n\n\t\t\t\n\t\t\t\t\t\t<div class=\"elementor-icon-box-content\">\n\n\t\t\t\t\t\t\t\t\t<h3 class=\"elementor-icon-box-title\">\n\t\t\t\t\t\t<span  >\n\t\t\t\t\t\t\tApariencia natural\t\t\t\t\t\t<\/span>\n\t\t\t\t\t<\/h3>\n\t\t\t\t\n\t\t\t\t\t\t\t\t\t<p class=\"elementor-icon-box-description\">\n\t\t\t\t\t\tLos materiales compuestos de alta calidad imitan maravillosamente el color, la textura y la translucidez del esmalte natural para lograr un resultado uniforme y realista.\t\t\t\t\t<\/p>\n\t\t\t\t\n\t\t\t<\/div>\n\t\t\t\n\t\t<\/div>\n\t\t\t\t\t\t<\/div>\n\t\t\t\t<\/div>\n\t\t\t\t\t<\/div>\n\t\t\t\t<\/section>\n\t\t<section class=\"elementor-element elementor-element-25b9bfe e-flex e-con-boxed e-con e-parent\" data-id=\"25b9bfe\" data-element_type=\"container\">\n\t\t\t\t\t<div class=\"e-con-inner\">\n\t\t<div class=\"elementor-element elementor-element-53ff21f e-con-full e-flex e-con e-child\" data-id=\"53ff21f\" data-element_type=\"container\">\n\t\t\t\t<div class=\"elementor-element elementor-element-b809619 elementor-widget elementor-widget-icon-box\" data-id=\"b809619\" data-element_type=\"widget\" data-widget_type=\"icon-box.default\">\n\t\t\t\t\t\t\t<div class=\"elementor-icon-box-wrapper\">\n\n\t\t\t\n\t\t\t\t\t\t<div class=\"elementor-icon-box-content\">\n\n\t\t\t\t\t\t\t\t\t<h3 class=\"elementor-icon-box-title\">\n\t\t\t\t\t\t<span  >\n\t\t\t\t\t\t\tProcedimiento r\u00e1pido e indoloro\t\t\t\t\t\t<\/span>\n\t\t\t\t\t<\/h3>\n\t\t\t\t\n\t\t\t\t\t\t\t\t\t<p class=\"elementor-icon-box-description\">\n\t\t\t\t\t\tLa mayor\u00eda de los dise\u00f1os de sonrisas se completan en una sola cita, sin tener que esperar los an\u00e1lisis de laboratorio y con una incomodidad m\u00ednima durante todo el proceso.\t\t\t\t\t<\/p>\n\t\t\t\t\n\t\t\t<\/div>\n\t\t\t\n\t\t<\/div>\n\t\t\t\t\t\t<\/div>\n\t\t\t\t<div class=\"elementor-element elementor-element-3379b9b elementor-widget elementor-widget-icon-box\" data-id=\"3379b9b\" data-element_type=\"widget\" data-widget_type=\"icon-box.default\">\n\t\t\t\t\t\t\t<div class=\"elementor-icon-box-wrapper\">\n\n\t\t\t\n\t\t\t\t\t\t<div class=\"elementor-icon-box-content\">\n\n\t\t\t\t\t\t\t\t\t<h3 class=\"elementor-icon-box-title\">\n\t\t\t\t\t\t<span  >\n\t\t\t\t\t\t\tF\u00e1cil de modificar o reparar\t\t\t\t\t\t<\/span>\n\t\t\t\t\t<\/h3>\n\t\t\t\t\n\t\t\t\t\t\t\t\t\t<p class=\"elementor-icon-box-description\">\n\t\t\t\t\t\tSi alguna vez una carilla se astilla o necesita refinamiento, la resina compuesta se puede reparar o ajustar f\u00e1cilmente sin tener que reemplazar toda la carilla.\t\t\t\t\t<\/p>\n\t\t\t\t\n\t\t\t<\/div>\n\t\t\t\n\t\t<\/div>\n\t\t\t\t\t\t<\/div>\n\t\t\t\t<div class=\"elementor-element elementor-element-a7c9445 elementor-widget elementor-widget-icon-box\" data-id=\"a7c9445\" data-element_type=\"widget\" data-widget_type=\"icon-box.default\">\n\t\t\t\t\t\t\t<div class=\"elementor-icon-box-wrapper\">\n\n\t\t\t\n\t\t\t\t\t\t<div class=\"elementor-icon-box-content\">\n\n\t\t\t\t\t\t\t\t\t<h3 class=\"elementor-icon-box-title\">\n\t\t\t\t\t\t<span  >\n\t\t\t\t\t\t\tVers\u00e1til para correcciones de sonrisas\t\t\t\t\t\t<\/span>\n\t\t\t\t\t<\/h3>\n\t\t\t\t\n\t\t\t\t\t\t\t\t\t<p class=\"elementor-icon-box-description\">\n\t\t\t\t\t\tIdeal para mejorar decoloraciones, peque\u00f1os espacios, formas desiguales, desalineaciones menores o bordes desgastados, mejorando toda la sonrisa en armon\u00eda.\n\t\t\t\t\t<\/p>\n\t\t\t\t\n\t\t\t<\/div>\n\t\t\t\n\t\t<\/div>\n\t\t\t\t\t\t<\/div>\n\t\t\t\t<div class=\"elementor-element elementor-element-c1ee6ca elementor-widget elementor-widget-icon-box\" data-id=\"c1ee6ca\" data-element_type=\"widget\" data-widget_type=\"icon-box.default\">\n\t\t\t\t\t\t\t<div class=\"elementor-icon-box-wrapper\">\n\n\t\t\t\n\t\t\t\t\t\t<div class=\"elementor-icon-box-content\">\n\n\t\t\t\t\t\t\t\t\t<h3 class=\"elementor-icon-box-title\">\n\t\t\t\t\t\t<span  >\n\t\t\t\t\t\t\tAumento inmediato de la confianza\t\t\t\t\t\t<\/span>\n\t\t\t\t\t<\/h3>\n\t\t\t\t\n\t\t\t\t\t\t\t\t\t<p class=\"elementor-icon-box-description\">\n\t\t\t\t\t\tLos pacientes salen el mismo d\u00eda con una sonrisa completamente rejuvenecida, una autoestima renovada y una apariencia m\u00e1s pulida y segura.\t\t\t\t\t<\/p>\n\t\t\t\t\n\t\t\t<\/div>\n\t\t\t\n\t\t<\/div>\n\t\t\t\t\t\t<\/div>\n\t\t\t\t<\/div>\n\t\t<div class=\"elementor-element elementor-element-3b6f13c e-con-full e-flex e-con e-child\" data-id=\"3b6f13c\" data-element_type=\"container\">\n\t\t\t\t<div class=\"elementor-element elementor-element-1c86c21 elementor-widget elementor-widget-image\" data-id=\"1c86c21\" data-element_type=\"widget\" data-widget_type=\"image.default\">\n\t\t\t\t\t\t\t\t\t\t\t\t\t\t\t<img loading=\"lazy\" decoding=\"async\" width=\"768\" height=\"1076\" src=\"https:\/\/wowdentaldesigns.com\/wp-content\/uploads\/2025\/10\/CRV-image-01-768x1076.jpg\" class=\"attachment-medium_large size-medium_large wp-image-3090\" alt=\"\" srcset=\"https:\/\/wowdentaldesigns.com\/wp-content\/uploads\/2025\/10\/CRV-image-01-768x1076.jpg 768w, https:\/\/wowdentaldesigns.com\/wp-content\/uploads\/2025\/10\/CRV-image-01-214x300.jpg 214w, https:\/\/wowdentaldesigns.com\/wp-content\/uploads\/2025\/10\/CRV-image-01-731x1024.jpg 731w, https:\/\/wowdentaldesigns.com\/wp-content\/uploads\/2025\/10\/CRV-image-01.jpg 898w\" sizes=\"auto, (max-width: 768px) 100vw, 768px\" \/>\t\t\t\t\t\t\t\t\t\t\t\t\t\t\t<\/div>\n\t\t\t\t<\/div>\n\t\t\t\t\t<\/div>\n\t\t\t\t<\/section>\n\t\t<section class=\"elementor-element elementor-element-ebc4c3a e-flex e-con-boxed e-con e-parent\" data-id=\"ebc4c3a\" data-element_type=\"container\">\n\t\t\t\t\t<div class=\"e-con-inner\">\n\t\t<div class=\"elementor-element elementor-element-d8d1e3a e-con-full e-flex e-con e-child\" data-id=\"d8d1e3a\" data-element_type=\"container\">\n\t\t\t\t<div class=\"elementor-element elementor-element-88f5e75 elementor-widget elementor-widget-image\" data-id=\"88f5e75\" data-element_type=\"widget\" data-widget_type=\"image.default\">\n\t\t\t\t\t\t\t\t\t\t\t\t\t\t\t<img loading=\"lazy\" decoding=\"async\" width=\"768\" height=\"1075\" src=\"https:\/\/wowdentaldesigns.com\/wp-content\/uploads\/2025\/10\/CRV-image-02-768x1075.jpg\" class=\"attachment-medium_large size-medium_large wp-image-3128\" alt=\"\" srcset=\"https:\/\/wowdentaldesigns.com\/wp-content\/uploads\/2025\/10\/CRV-image-02-768x1075.jpg 768w, https:\/\/wowdentaldesigns.com\/wp-content\/uploads\/2025\/10\/CRV-image-02-214x300.jpg 214w, https:\/\/wowdentaldesigns.com\/wp-content\/uploads\/2025\/10\/CRV-image-02-732x1024.jpg 732w, https:\/\/wowdentaldesigns.com\/wp-content\/uploads\/2025\/10\/CRV-image-02.jpg 1072w\" sizes=\"auto, (max-width: 768px) 100vw, 768px\" \/>\t\t\t\t\t\t\t\t\t\t\t\t\t\t\t<\/div>\n\t\t\t\t<\/div>\n\t\t<div class=\"elementor-element elementor-element-820bf78 e-con-full e-flex e-con e-child\" data-id=\"820bf78\" data-element_type=\"container\">\n\t\t\t\t<div class=\"elementor-element elementor-element-375ef41 elementor-widget elementor-widget-text-editor\" data-id=\"375ef41\" data-element_type=\"widget\" data-widget_type=\"text-editor.default\">\n\t\t\t\t\t\t\t\t\t<p>En WOW Dental Designs, nuestro Dise\u00f1o de Sonrisa con Carillas de Resina Compuesta es un tratamiento cosm\u00e9tico avanzado que realza su sonrisa con precisi\u00f3n, rapidez y maestr\u00eda. Dise\u00f1ado para quienes buscan una transformaci\u00f3n refinada sin necesidad de un trabajo dental extenso, este procedimiento ofrece resultados instant\u00e1neos y naturales en una sola visita.<\/p><p>Las carillas compuestas se esculpen directamente sobre los dientes utilizando una resina de alta calidad que imita el color, la translucidez y la textura del esmalte natural. Cada carilla se moldea y pule cuidadosamente a mano, lo que permite personalizar en tiempo real la simetr\u00eda, el tono y las proporciones de su sonrisa, en perfecta armon\u00eda con sus rasgos faciales.<\/p><p>Combinamos materiales innovadores con artesan\u00eda art\u00edstica para crear sonrisas que no s\u00f3lo son hermosas sino que est\u00e1n dise\u00f1adas para impresionar desde el primer vistazo.<\/p>\t\t\t\t\t\t\t\t<\/div>\n\t\t\t\t<\/div>\n\t\t\t\t\t<\/div>\n\t\t\t\t<\/section>\n\t\t\t\t<\/div>","protected":false},"excerpt":{"rendered":"<p>COMPOSITE RESIN VENEERS The Advantages of a composite resin Veneers Smile Design Instant Smile Enhancement Composite veneers can dramatically improve your smile\u2019s appearance in a single visit perfect for patients seeking immediate, beautiful results. Minimally Invasive Little to no enamel needs to be removed, preserving your natural tooth structure while achieving a stunning, even smile. [&hellip;]<\/p>","protected":false},"author":1,"featured_media":0,"parent":0,"menu_order":0,"comment_status":"closed","ping_status":"closed","template":"elementor_header_footer","meta":{"footnotes":""},"class_list":["post-2928","page","type-page","status-publish","hentry"],"aioseo_notices":[],"_links":{"self":[{"href":"https:\/\/wowdentaldesigns.com\/es\/wp-json\/wp\/v2\/pages\/2928","targetHints":{"allow":["GET"]}}],"collection":[{"href":"https:\/\/wowdentaldesigns.com\/es\/wp-json\/wp\/v2\/pages"}],"about":[{"href":"https:\/\/wowdentaldesigns.com\/es\/wp-json\/wp\/v2\/types\/page"}],"author":[{"embeddable":true,"href":"https:\/\/wowdentaldesigns.com\/es\/wp-json\/wp\/v2\/users\/1"}],"replies":[{"embeddable":true,"href":"https:\/\/wowdentaldesigns.com\/es\/wp-json\/wp\/v2\/comments?post=2928"}],"version-history":[{"count":394,"href":"https:\/\/wowdentaldesigns.com\/es\/wp-json\/wp\/v2\/pages\/2928\/revisions"}],"predecessor-version":[{"id":6391,"href":"https:\/\/wowdentaldesigns.com\/es\/wp-json\/wp\/v2\/pages\/2928\/revisions\/6391"}],"wp:attachment":[{"href":"https:\/\/wowdentaldesigns.com\/es\/wp-json\/wp\/v2\/media?parent=2928"}],"curies":[{"name":"wp","href":"https:\/\/api.w.org\/{rel}","templated":true}]}}